{"id":3978,"date":"2016-10-28T11:19:18","date_gmt":"2016-10-28T09:19:18","guid":{"rendered":"http:\/\/wp4.kartes.lv\/lv\/product\/raznas-nacionalais-parks-2\/"},"modified":"2026-03-02T13:17:32","modified_gmt":"2026-03-02T11:17:32","slug":"raznas-nacionalais-parks-2","status":"publish","type":"product","link":"https:\/\/www.kartes.lv\/lv\/product\/raznas-nacionalais-parks-2\/","title":{"rendered":"R\u0101znas Nacion\u0101lais parks"},"content":{"rendered":"<p>P\u0113d\u0113j\u0101 desmitgad\u0113 R\u0101znas Nacion\u0101lais parks ir k\u013cuvis par popul\u0101ru t\u016brisma, akt\u012bv\u0101s atp\u016btas un izgl\u012bt\u012bbas galam\u0113r\u0137i. Lai sekm\u0113tu parka att\u012bst\u012bbu, sadarb\u012bb\u0101 ar Dabas aizsardz\u012bbas p\u0101rvaldi un pateicoties Dagdas, Ludzas un R\u0113zeknes pils\u0113tas un R\u0113zeknes novada pa\u0161vald\u012bbas atbalstam, ir izdota R\u0101znas Nacion\u0101l\u0101 parka karte.<\/p>\n<p>Izdevums sniedz pla\u0161u inform\u0101ciju parka apmekl\u0113t\u0101jiem par dabas un kult\u016brv\u0113sturisk\u0101 mantojuma daudzveid\u012bbu, par dabas t\u016brisma un dabas izgl\u012bt\u012bbas iesp\u0113j\u0101m, k\u0101 ar\u012b par TOP 10 apskates objektiem parka teritorij\u0101. Savuk\u0101rt det\u0101l\u0101 apvidus karte par\u0101da apskates, akt\u012bv\u0101s atp\u016btas, izgl\u012bt\u012bbas objektu un naktsm\u012bt\u0146u atra\u0161an\u0101s vietas, pied\u0101v\u0101jot ar\u012b popul\u0101r\u0101kos \u016bdenst\u016brisma mar\u0161rutus. Izdevum\u0101 iek\u013cauti parkam tuv\u0101ko pils\u0113tu \u2013 R\u0113zeknes un Dagdas \u2013 pl\u0101ni.<\/p>\n<p>Dodies iepaz\u012bt R\u0101znas Nacion\u0101lo parku, cieni t\u0101 v\u0113rt\u012bbas, iev\u0113ro apmekl\u0113juma pamatnoteikumus un atst\u0101j aiz sevis sakoptu vidi!<\/p>","protected":false},"excerpt":{"rendered":"<p>T\u016brisma karte<\/p>\n<p>2016.gada izdevums<br \/>\nM\u0113rogs 1:100 000<br \/>\nR\u0113zekne. Dagda m\u0113rog\u0101 1:20 000<br \/>\nIzm\u0113rs 60 x 57,5 cm \/ 12 x 23 cm loc\u012bta<\/p>\n<p>EAN: 9789984075303<\/p>\n","protected":false},"featured_media":6066,"comment_status":"closed","ping_status":"closed","template":"","meta":[],"product_brand":[],"product_cat":[7,10,129],"product_tag":[],"class_list":{"0":"post-3978","1":"product","2":"type-product","3":"status-publish","4":"has-post-thumbnail","6":"product_cat-kartes-atlanti-celvezi","7":"product_cat-celu-kartes-atlanti","8":"product_cat-akcija","10":"first","11":"instock","12":"sale","13":"taxable","14":"shipping-taxable","15":"purchasable","16":"product-type-simple"},"_links":{"self":[{"href":"https:\/\/www.kartes.lv\/lv\/wp-json\/wp\/v2\/product\/3978","targetHints":{"allow":["GET"]}}],"collection":[{"href":"https:\/\/www.kartes.lv\/lv\/wp-json\/wp\/v2\/product"}],"about":[{"href":"https:\/\/www.kartes.lv\/lv\/wp-json\/wp\/v2\/types\/product"}],"replies":[{"embeddable":true,"href":"https:\/\/www.kartes.lv\/lv\/wp-json\/wp\/v2\/comments?post=3978"}],"wp:featuredmedia":[{"embeddable":true,"href":"https:\/\/www.kartes.lv\/lv\/wp-json\/wp\/v2\/media\/6066"}],"wp:attachment":[{"href":"https:\/\/www.kartes.lv\/lv\/wp-json\/wp\/v2\/media?parent=3978"}],"wp:term":[{"taxonomy":"product_brand","embeddable":true,"href":"https:\/\/www.kartes.lv\/lv\/wp-json\/wp\/v2\/product_brand?post=3978"},{"taxonomy":"product_cat","embeddable":true,"href":"https:\/\/www.kartes.lv\/lv\/wp-json\/wp\/v2\/product_cat?post=3978"},{"taxonomy":"product_tag","embeddable":true,"href":"https:\/\/www.kartes.lv\/lv\/wp-json\/wp\/v2\/product_tag?post=3978"}],"curies":[{"name":"wp","href":"https:\/\/api.w.org\/{rel}","templated":true}]}}