{"id":3985,"date":"2016-10-28T11:19:20","date_gmt":"2016-10-28T09:19:20","guid":{"rendered":"http:\/\/wp4.kartes.lv\/lv\/product\/ludzas-ciblas-karsavas-zilupes-novads\/"},"modified":"2026-03-02T13:17:11","modified_gmt":"2026-03-02T11:17:11","slug":"ludzas-ciblas-karsavas-zilupes-novads","status":"publish","type":"product","link":"https:\/\/www.kartes.lv\/lv\/product\/ludzas-ciblas-karsavas-zilupes-novads\/","title":{"rendered":"Ludzas, Ciblas, K\u0101rsavas, Zilupes novads"},"content":{"rendered":"<p>Kartes izdevums sagatavots, izmantojot aerofoto uz\u0146\u0113mumus, kartogr\u0101fisko un adre\u0161u inform\u0101ciju un lauka apsekojuma datus. Visu novadu teritorija apsekota dab\u0101 (apsekojumi veikti 2009. un 2010 gad\u0101), nobraucot vair\u0101k nek\u0101 4000 km.<\/p>\n<p>Kart\u0113 ir preciz\u0113ts autoce\u013cu t\u012bkls, viens\u0113tu un apb\u016bves izvietojums, att\u0113loti t\u016brisma un servisa objekti, dabas aizsarg\u0101jam\u0101s teritorijas, hidrogr\u0101fija un me\u017ei. Karti papildina pla\u0161a uzzi\u0146u inform\u0101cija par katru pa\u0161vald\u012bbu (visp\u0101r\u012bgas zi\u0146as, apskates vietas, naktsm\u012btnes t\u016bristiem u.c.), k\u0101 ar\u012b 40 fotoatt\u0113li.<\/p>","protected":false},"excerpt":{"rendered":"<p>S\u0113rija &#8220;Latvijas novadi&#8221;<\/p>\n<p>2011. gada izdevums<br \/>\nM\u0113rogs 1:100 000<br \/>\nLudzas, Zilupes, K\u0101rsavas pl\u0101ni m\u0113rog\u0101 1:20 000<br \/>\nIzm\u0113rs 62,5 x 92 cm \/ 12,5 x 23 cm loc\u012bta<\/p>\n<p>EAN: 9789984075884<\/p>\n","protected":false},"featured_media":5686,"comment_status":"closed","ping_status":"closed","template":"","meta":[],"product_brand":[],"product_cat":[7,10,129],"product_tag":[],"class_list":{"0":"post-3985","1":"product","2":"type-product","3":"status-publish","4":"has-post-thumbnail","6":"product_cat-kartes-atlanti-celvezi","7":"product_cat-celu-kartes-atlanti","8":"product_cat-akcija","10":"first","11":"instock","12":"sale","13":"taxable","14":"shipping-taxable","15":"purchasable","16":"product-type-simple"},"_links":{"self":[{"href":"https:\/\/www.kartes.lv\/lv\/wp-json\/wp\/v2\/product\/3985","targetHints":{"allow":["GET"]}}],"collection":[{"href":"https:\/\/www.kartes.lv\/lv\/wp-json\/wp\/v2\/product"}],"about":[{"href":"https:\/\/www.kartes.lv\/lv\/wp-json\/wp\/v2\/types\/product"}],"replies":[{"embeddable":true,"href":"https:\/\/www.kartes.lv\/lv\/wp-json\/wp\/v2\/comments?post=3985"}],"wp:featuredmedia":[{"embeddable":true,"href":"https:\/\/www.kartes.lv\/lv\/wp-json\/wp\/v2\/media\/5686"}],"wp:attachment":[{"href":"https:\/\/www.kartes.lv\/lv\/wp-json\/wp\/v2\/media?parent=3985"}],"wp:term":[{"taxonomy":"product_brand","embeddable":true,"href":"https:\/\/www.kartes.lv\/lv\/wp-json\/wp\/v2\/product_brand?post=3985"},{"taxonomy":"product_cat","embeddable":true,"href":"https:\/\/www.kartes.lv\/lv\/wp-json\/wp\/v2\/product_cat?post=3985"},{"taxonomy":"product_tag","embeddable":true,"href":"https:\/\/www.kartes.lv\/lv\/wp-json\/wp\/v2\/product_tag?post=3985"}],"curies":[{"name":"wp","href":"https:\/\/api.w.org\/{rel}","templated":true}]}}