{"id":4061,"date":"2016-10-28T11:19:46","date_gmt":"2016-10-28T09:19:46","guid":{"rendered":"http:\/\/wp4.kartes.lv\/lv\/product\/adresu-atlants-riga-un-apkartne-3\/"},"modified":"2025-08-26T20:33:30","modified_gmt":"2025-08-26T17:33:30","slug":"adresu-atlants-riga-un-apkartne-3","status":"publish","type":"product","link":"https:\/\/www.kartes.lv\/lv\/product\/adresu-atlants-riga-un-apkartne-3\/","title":{"rendered":"R\u012bga un apk\u0101rtne. Adre\u0161u atlants (nocenots)"},"content":{"rendered":"<p>\u0160is ir Liel\u0101 R\u012bgas adre\u0161u atlanta izdevums, kur\u0101 papildus iek\u013cauts ar\u012b vair\u0101k nek\u0101 80 R\u012bgas apk\u0101rtnes pils\u0113tu un ciemu pl\u0101nu &#8211; no Lapme\u017eciema l\u012bdz Siguldai un no Saulkrastiem l\u012bdz Iecavai.<\/p>\n<p>Pl\u0101ns pieejams gan t\u0101dai lielai pils\u0113tai k\u0101 J\u016brmala, gan t\u0101dam nelielam ciemam k\u0101 Ropa\u017ei. R\u012bgas teritorija ir att\u0113lota det\u0101laj\u0101 1:10 000 m\u0113rog\u0101 (1 cm kart\u0113 \u2013 100 m dab\u0101) ar vis\u0101m pils\u0113tas \u0113k\u0101m un to adres\u0113m. Ar\u012b ne tik viegli atrodam\u0101m, k\u0101 piem\u0113ram, Pr\u016b\u0161u iela 24 korpuss 9 vai adres\u0113m r\u016bpnieciskaj\u0101s teritorij\u0101s, kur t\u0101s viet\u0101m ir izvietotas izteikti haotiski.<\/p>\n<p>R\u012bgas apk\u0101rtnes pils\u0113tu un ciemu pl\u0101ni ir att\u0113loti m\u0113rog\u0101 1:20 000, tajos ir par\u0101d\u012btas visas \u0113kas, ta\u010du adreses dotas izlases veid\u0101.<\/p>\n<p>Izdevumu papildina R\u012bgas apk\u0101rtnes kartes m\u0113rog\u0101 1:100 000 un visu izdevuma pl\u0101nos iek\u013cauto ielu un apk\u0101rtnes kart\u0113 iek\u013cauto vietu saraksts, k\u0101 ar\u012b R\u012bgas sabiedrisk\u0101 transporta karte.<\/p>","protected":false},"excerpt":{"rendered":"<p>2013. gada izdevums<\/p>\n<p>M\u0113rogs pils\u0113tu pl\u0101niem 1:10 000 un 1:20 000<br \/>\nM\u0113rogs apk\u0101rtnes kartei 1:100 000<br \/>\nIzm\u0113rs 21 x 30 cm<br \/>\n188 lappuses<br \/>\nM\u012bksto v\u0101ku ies\u0113jums<br \/>\n6470 ielas un 43 860 adreses R\u012bg\u0101 un t\u0101s apk\u0101rtnes apdz\u012bvotaj\u0101s viet\u0101s<\/p>\n<p>EAN: 9789984076430<\/p>\n","protected":false},"featured_media":5687,"comment_status":"closed","ping_status":"closed","template":"","meta":[],"product_brand":[],"product_cat":[7,8,111],"product_tag":[],"class_list":{"0":"post-4061","1":"product","2":"type-product","3":"status-publish","4":"has-post-thumbnail","6":"product_cat-kartes-atlanti-celvezi","7":"product_cat-pilsetu-kartes","8":"product_cat-nocenots","10":"first","11":"instock","12":"sale","13":"taxable","14":"shipping-taxable","15":"purchasable","16":"product-type-simple"},"_links":{"self":[{"href":"https:\/\/www.kartes.lv\/lv\/wp-json\/wp\/v2\/product\/4061","targetHints":{"allow":["GET"]}}],"collection":[{"href":"https:\/\/www.kartes.lv\/lv\/wp-json\/wp\/v2\/product"}],"about":[{"href":"https:\/\/www.kartes.lv\/lv\/wp-json\/wp\/v2\/types\/product"}],"replies":[{"embeddable":true,"href":"https:\/\/www.kartes.lv\/lv\/wp-json\/wp\/v2\/comments?post=4061"}],"wp:featuredmedia":[{"embeddable":true,"href":"https:\/\/www.kartes.lv\/lv\/wp-json\/wp\/v2\/media\/5687"}],"wp:attachment":[{"href":"https:\/\/www.kartes.lv\/lv\/wp-json\/wp\/v2\/media?parent=4061"}],"wp:term":[{"taxonomy":"product_brand","embeddable":true,"href":"https:\/\/www.kartes.lv\/lv\/wp-json\/wp\/v2\/product_brand?post=4061"},{"taxonomy":"product_cat","embeddable":true,"href":"https:\/\/www.kartes.lv\/lv\/wp-json\/wp\/v2\/product_cat?post=4061"},{"taxonomy":"product_tag","embeddable":true,"href":"https:\/\/www.kartes.lv\/lv\/wp-json\/wp\/v2\/product_tag?post=4061"}],"curies":[{"name":"wp","href":"https:\/\/api.w.org\/{rel}","templated":true}]}}