{"id":4069,"date":"2016-10-28T11:19:47","date_gmt":"2016-10-28T09:19:47","guid":{"rendered":"http:\/\/wp4.kartes.lv\/lv\/product\/rigas-plans-6\/"},"modified":"2025-08-18T01:00:02","modified_gmt":"2025-08-17T22:00:02","slug":"rigas-plans","status":"publish","type":"product","link":"https:\/\/www.kartes.lv\/lv\/product\/rigas-plans\/","title":{"rendered":"R\u012bga. Pils\u0113tas pl\u0101ns. Cietais v\u0101ci\u0146\u0161."},"content":{"rendered":"<p>Izdots atjaunots R\u012bgas pils\u0113tas pl\u0101ns m\u0113rog\u0101 1:20 000 ar detaliz\u0113tu centra pl\u0101nu m\u0113rog\u0101 1:10 000. Izdevum\u0101 pievienota ar\u012b atsevi\u0161\u0137a sabiedrisk\u0101 transporta sh\u0113ma, atjaunots \u0113ku un intere\u0161u objektu sl\u0101nis un visa kartes pamatne. Redzami visaktu\u0101l\u0101kie ielu nosaukumi. Att\u0113lota pl\u0101not\u0101 Rail Baltica dzelzce\u013ca trase un stacijas, k\u0101 ar\u012b citas pl\u0101not\u0101s stacijas un pieturas punkti.<\/p>\n<p>Pievienotais ielu nosaukumu r\u0101d\u012bt\u0101js \u013caus \u0113rti atrast visas R\u012bgas ielas.<br \/>\nPl\u0101ns ietver ar\u012b augo\u0161o apb\u016bvi un ielu t\u012bklu Pier\u012bg\u0101: jaunizveidotaj\u0101 M\u0101rupes pils\u0113t\u0101, Ulbrok\u0101, Dreili\u0146os, Valdlau\u010dos, Rumbul\u0101 un Ber\u0123os.<\/p>\n<p>R\u012bgas pils\u0113tas pl\u0101na teritorija att\u0113lota ab\u0101s izdevuma pus\u0113s. Kartes inform\u0101cija aktualiz\u0113ta, izmantojot jaun\u0101kos kartogr\u0101fiskos, adre\u0161u un aerofoto materi\u0101lus un uzzi\u0146u avotus, veikta da\u013c\u0113ja teritorijas apseko\u0161ana dab\u0101.<\/p>","protected":false},"excerpt":{"rendered":"<ul>\n<li>Pils\u0113tas un apk\u0101rtnes pl\u0101ns<\/li>\n<li>Centra pl\u0101ns<\/li>\n<li>Sabiedrisk\u0101 transporta pl\u0101ns<\/li>\n<\/ul>\n<p>2024.gada izdevums<br \/>\nM\u0113rogs 1:20 000<br \/>\nCentra pl\u0101ns 1:10 000<br \/>\nIzm\u0113rs 100 x 70 cm \/ 12,5 x 24 cm loc\u012bta<br \/>\nCietais v\u0101ci\u0146\u0161<\/p>\n<p>EAN: 9789984074344<\/p>\n","protected":false},"featured_media":19141,"comment_status":"closed","ping_status":"closed","template":"","meta":[],"product_brand":[],"product_cat":[7,10,8],"product_tag":[],"class_list":{"0":"post-4069","1":"product","2":"type-product","3":"status-publish","4":"has-post-thumbnail","6":"product_cat-kartes-atlanti-celvezi","7":"product_cat-celu-kartes-atlanti","8":"product_cat-pilsetu-kartes","10":"first","11":"instock","12":"taxable","13":"shipping-taxable","14":"purchasable","15":"product-type-simple"},"_links":{"self":[{"href":"https:\/\/www.kartes.lv\/lv\/wp-json\/wp\/v2\/product\/4069","targetHints":{"allow":["GET"]}}],"collection":[{"href":"https:\/\/www.kartes.lv\/lv\/wp-json\/wp\/v2\/product"}],"about":[{"href":"https:\/\/www.kartes.lv\/lv\/wp-json\/wp\/v2\/types\/product"}],"replies":[{"embeddable":true,"href":"https:\/\/www.kartes.lv\/lv\/wp-json\/wp\/v2\/comments?post=4069"}],"wp:featuredmedia":[{"embeddable":true,"href":"https:\/\/www.kartes.lv\/lv\/wp-json\/wp\/v2\/media\/19141"}],"wp:attachment":[{"href":"https:\/\/www.kartes.lv\/lv\/wp-json\/wp\/v2\/media?parent=4069"}],"wp:term":[{"taxonomy":"product_brand","embeddable":true,"href":"https:\/\/www.kartes.lv\/lv\/wp-json\/wp\/v2\/product_brand?post=4069"},{"taxonomy":"product_cat","embeddable":true,"href":"https:\/\/www.kartes.lv\/lv\/wp-json\/wp\/v2\/product_cat?post=4069"},{"taxonomy":"product_tag","embeddable":true,"href":"https:\/\/www.kartes.lv\/lv\/wp-json\/wp\/v2\/product_tag?post=4069"}],"curies":[{"name":"wp","href":"https:\/\/api.w.org\/{rel}","templated":true}]}}