{"id":4110,"date":"2016-10-28T11:20:00","date_gmt":"2016-10-28T09:20:00","guid":{"rendered":"http:\/\/wp4.kartes.lv\/lv\/product\/baltijas-valstis-2\/"},"modified":"2025-08-04T11:54:35","modified_gmt":"2025-08-04T08:54:35","slug":"baltijas-karte-sienas","status":"publish","type":"product","link":"https:\/\/www.kartes.lv\/lv\/product\/baltijas-karte-sienas\/","title":{"rendered":"Baltijas valstu sienas karte"},"content":{"rendered":"<p>\u0160aj\u0101 kart\u0113 ir att\u0113lots detaliz\u0113ts autoce\u013cu un dzelzce\u013cu t\u012bkls, apdz\u012bvoto vietu klasifik\u0101cija, administrat\u012bv\u0101s robe\u017eas, k\u0101 ar\u012b rezerv\u0101tu un nacion\u0101lo parku robe\u017eas.<\/p>\n<p>Vietv\u0101rdi doti <strong>ori\u0123in\u0101lvalod\u0101s<\/strong>, bet paskaidrojumi apz\u012bm\u0113jumiem se\u0161\u0101s valod\u0101s &#8211; latvie\u0161u, lietuvie\u0161u, igau\u0146u, krievu, ang\u013cu un v\u0101cu.<\/p>\n<p>Karti papildina Baltijas valstu karogi un \u0123erbo\u0146i.<\/p>\n<p><!--StartFragment --><\/p>\n<p class=\"pf0\"><em><span class=\"cf0\">Ja v\u0113laties \u0161o karti cit\u0101 izm\u0113r\u0101 vai uz cita veida materi\u0101la (abpus\u0113ji lamin\u0113tu, uzdruk\u0101tu uz plastik\u0101ta, ier\u0101m\u0113tu), papildu inform\u0101cijai l\u016bdzam zvan\u012bt pa t\u0101lruni\u00a0<\/span><strong><span class=\"cf1\">67317540<\/span><\/strong><span class=\"cf0\"><strong>\u00a0<\/strong>vai rakst\u012bt uz e-pastu:\u00a0<\/span><strong><span class=\"cf1\">kartes@kartes.lv<\/span><\/strong><span class=\"cf0\">.<\/span><\/em><!--EndFragment --><\/p>\n<p><\/p>","protected":false},"excerpt":{"rendered":"<p>M\u0113rogs 1: 550 000<\/p>\n<p>Izdrukas izm\u0113rs 89,5 x 121,3 cm<\/p>\n<p><strong>Pieejama p\u0113c pas\u016bt\u012bjuma<\/strong>, izgatavojam 3-5 darba dienu laik\u0101.<\/p>\n<p><strong>Nav ier\u0101m\u0113ta!<\/strong><\/p>\n<p>&nbsp;<\/p>\n","protected":false},"featured_media":5216,"comment_status":"closed","ping_status":"closed","template":"","meta":[],"product_brand":[],"product_cat":[13],"product_tag":[],"class_list":{"0":"post-4110","1":"product","2":"type-product","3":"status-publish","4":"has-post-thumbnail","6":"product_cat-sienas-kartes","8":"first","9":"instock","10":"taxable","11":"shipping-taxable","12":"purchasable","13":"product-type-variable","14":"has-default-attributes"},"_links":{"self":[{"href":"https:\/\/www.kartes.lv\/lv\/wp-json\/wp\/v2\/product\/4110","targetHints":{"allow":["GET"]}}],"collection":[{"href":"https:\/\/www.kartes.lv\/lv\/wp-json\/wp\/v2\/product"}],"about":[{"href":"https:\/\/www.kartes.lv\/lv\/wp-json\/wp\/v2\/types\/product"}],"replies":[{"embeddable":true,"href":"https:\/\/www.kartes.lv\/lv\/wp-json\/wp\/v2\/comments?post=4110"}],"wp:featuredmedia":[{"embeddable":true,"href":"https:\/\/www.kartes.lv\/lv\/wp-json\/wp\/v2\/media\/5216"}],"wp:attachment":[{"href":"https:\/\/www.kartes.lv\/lv\/wp-json\/wp\/v2\/media?parent=4110"}],"wp:term":[{"taxonomy":"product_brand","embeddable":true,"href":"https:\/\/www.kartes.lv\/lv\/wp-json\/wp\/v2\/product_brand?post=4110"},{"taxonomy":"product_cat","embeddable":true,"href":"https:\/\/www.kartes.lv\/lv\/wp-json\/wp\/v2\/product_cat?post=4110"},{"taxonomy":"product_tag","embeddable":true,"href":"https:\/\/www.kartes.lv\/lv\/wp-json\/wp\/v2\/product_tag?post=4110"}],"curies":[{"name":"wp","href":"https:\/\/api.w.org\/{rel}","templated":true}]}}