{"id":4126,"date":"2016-10-28T11:20:04","date_gmt":"2016-10-28T09:20:04","guid":{"rendered":"http:\/\/wp4.kartes.lv\/lv\/product\/pasaules-politiska-sienas-karte\/"},"modified":"2026-01-27T11:31:43","modified_gmt":"2026-01-27T09:31:43","slug":"pasaules-politiska-sienas-karte","status":"publish","type":"product","link":"https:\/\/www.kartes.lv\/lv\/product\/pasaules-politiska-sienas-karte\/","title":{"rendered":"Pasaules politisk\u0101 sienas karte"},"content":{"rendered":"<p>Pasaules sienas karte pieejama ar jaun\u0101ko politisko dal\u012bjumu. Papildin\u0101ta ar visu valstu, pa\u0161pasludin\u0101to valstu, vald\u012bjumu un noz\u012bm\u012bg\u0101ko starptautisko organiz\u0101ciju karogi, Arktikas un Antarktikas kartes.<\/p>\n<p>\u0112rtais iepakojums plastmasas tubus\u0101 nodro\u0161ina dro\u0161u kartes uzglab\u0101\u0161anu un p\u0101rvieto\u0161anu.<\/p>\n<p><!--StartFragment --><\/p>\n<p class=\"pf0\"><em><span class=\"cf0\">Ja v\u0113laties \u0161o karti cit\u0101 izm\u0113r\u0101 vai uz cita veida materi\u0101la (abpus\u0113ji lamin\u0113tu, uzdruk\u0101tu uz plastik\u0101ta, ier\u0101m\u0113tu), papildu inform\u0101cijai l\u016bdzam zvan\u012bt pa t\u0101lruni\u00a0<\/span><strong><span class=\"cf1\">67317540<\/span><\/strong><span class=\"cf0\">\u00a0vai rakst\u012bt uz e-pastu:\u00a0<\/span><strong><span class=\"cf1\">kartes@kartes.lv<\/span><\/strong><span class=\"cf0\">.<\/span><\/em><\/p>\n<p><!--EndFragment --><\/p>","protected":false},"excerpt":{"rendered":"<p>M\u0113rogs 1: 32 000 000<\/p>\n<p>Izdrukas izm\u0113rs 109,5 x 85 cm<\/p>\n<p>EAN pap\u012bra kartei: 9789984075679<\/p>\n<p>EAN lamin\u0113tai kartei: 9789984077208<\/p>\n<p>&nbsp;<\/p>\n","protected":false},"featured_media":5468,"comment_status":"closed","ping_status":"closed","template":"","meta":[],"product_brand":[],"product_cat":[13,113],"product_tag":[],"class_list":{"0":"post-4126","1":"product","2":"type-product","3":"status-publish","4":"has-post-thumbnail","6":"product_cat-sienas-kartes","7":"product_cat-skoleniem","8":"product_shipping_class-slug","10":"first","11":"instock","12":"taxable","13":"shipping-taxable","14":"purchasable","15":"product-type-variable","16":"has-default-attributes"},"_links":{"self":[{"href":"https:\/\/www.kartes.lv\/lv\/wp-json\/wp\/v2\/product\/4126","targetHints":{"allow":["GET"]}}],"collection":[{"href":"https:\/\/www.kartes.lv\/lv\/wp-json\/wp\/v2\/product"}],"about":[{"href":"https:\/\/www.kartes.lv\/lv\/wp-json\/wp\/v2\/types\/product"}],"replies":[{"embeddable":true,"href":"https:\/\/www.kartes.lv\/lv\/wp-json\/wp\/v2\/comments?post=4126"}],"wp:featuredmedia":[{"embeddable":true,"href":"https:\/\/www.kartes.lv\/lv\/wp-json\/wp\/v2\/media\/5468"}],"wp:attachment":[{"href":"https:\/\/www.kartes.lv\/lv\/wp-json\/wp\/v2\/media?parent=4126"}],"wp:term":[{"taxonomy":"product_brand","embeddable":true,"href":"https:\/\/www.kartes.lv\/lv\/wp-json\/wp\/v2\/product_brand?post=4126"},{"taxonomy":"product_cat","embeddable":true,"href":"https:\/\/www.kartes.lv\/lv\/wp-json\/wp\/v2\/product_cat?post=4126"},{"taxonomy":"product_tag","embeddable":true,"href":"https:\/\/www.kartes.lv\/lv\/wp-json\/wp\/v2\/product_tag?post=4126"}],"curies":[{"name":"wp","href":"https:\/\/api.w.org\/{rel}","templated":true}]}}