{"id":4150,"date":"2016-10-28T11:20:08","date_gmt":"2016-10-28T09:20:08","guid":{"rendered":"http:\/\/wp4.kartes.lv\/lv\/product\/eiropas-pasta-kodu-karte\/"},"modified":"2025-08-04T11:34:24","modified_gmt":"2025-08-04T08:34:24","slug":"eiropas-pasta-kodu-sienas-karte","status":"publish","type":"product","link":"https:\/\/www.kartes.lv\/lv\/product\/eiropas-pasta-kodu-sienas-karte\/","title":{"rendered":"Eiropas pasta kodu sienas karte"},"content":{"rendered":"<p>Eiropas pasta kodu kart\u0113 att\u0113loti visu re\u0123iona (no Portug\u0101les l\u012bdz centr\u0101lajai \u0100zijai) valstu pasta pieg\u0101\u017eu apgabali ar attiec\u012bgajiem pasta indeksiem. Valst\u012bm, kur\u0101s nav re\u0123ion\u0101la dal\u012bjuma pasta pieg\u0101\u017eu apgabalos, uzr\u0101d\u012bti liel\u0101ko pils\u0113tu pasta indeksi. Pirmo reizi \u0161\u0101da tipa kart\u0113s det\u0101li uzr\u0101d\u012bti Baltijas valstu pasta pieg\u0101\u017eu apgabali, k\u0101 ar\u012b jaunie pasta indeksi Uzbekist\u0101n\u0101, Kazahst\u0101n\u0101 u.c. valst\u012bs. Karti papildina robe\u017ep\u0101rejas punkti un noz\u012bm\u012bg\u0101k\u0101s pr\u0101mju l\u012bnijas.<\/p>\n<p><!--StartFragment --><\/p>\n<p class=\"pf0\"><em><span class=\"cf0\">Ja v\u0113laties \u0161o karti cit\u0101 izm\u0113r\u0101 vai uz cita veida materi\u0101la (abpus\u0113ji lamin\u0113tu, uzdruk\u0101tu uz plastik\u0101ta, ier\u0101m\u0113tu), papildu inform\u0101cijai l\u016bdzam zvan\u012bt pa t\u0101lruni\u00a0<\/span><strong><span class=\"cf1\">67317540<\/span><\/strong><span class=\"cf0\"><strong>\u00a0<\/strong>vai rakst\u012bt uz e-pastu:\u00a0<\/span><strong><span class=\"cf1\">kartes@kartes.lv<\/span><\/strong><span class=\"cf0\">.<\/span><\/em><\/p>\n<p><!--EndFragment --><\/p>","protected":false},"excerpt":{"rendered":"<p>Pirmizdevums <strong>ang\u013cu valod\u0101.<\/strong><\/p>\n<p>Izdrukas izm\u0113rs 122 x 78,5 cm<\/p>\n<p>Lamin\u0113ta<\/p>\n<p>EAN: 9789984075891<\/p>\n","protected":false},"featured_media":5223,"comment_status":"closed","ping_status":"closed","template":"","meta":[],"product_brand":[],"product_cat":[13],"product_tag":[],"class_list":{"0":"post-4150","1":"product","2":"type-product","3":"status-publish","4":"has-post-thumbnail","6":"product_cat-sienas-kartes","8":"first","9":"instock","10":"taxable","11":"shipping-taxable","12":"purchasable","13":"product-type-simple"},"_links":{"self":[{"href":"https:\/\/www.kartes.lv\/lv\/wp-json\/wp\/v2\/product\/4150","targetHints":{"allow":["GET"]}}],"collection":[{"href":"https:\/\/www.kartes.lv\/lv\/wp-json\/wp\/v2\/product"}],"about":[{"href":"https:\/\/www.kartes.lv\/lv\/wp-json\/wp\/v2\/types\/product"}],"replies":[{"embeddable":true,"href":"https:\/\/www.kartes.lv\/lv\/wp-json\/wp\/v2\/comments?post=4150"}],"wp:featuredmedia":[{"embeddable":true,"href":"https:\/\/www.kartes.lv\/lv\/wp-json\/wp\/v2\/media\/5223"}],"wp:attachment":[{"href":"https:\/\/www.kartes.lv\/lv\/wp-json\/wp\/v2\/media?parent=4150"}],"wp:term":[{"taxonomy":"product_brand","embeddable":true,"href":"https:\/\/www.kartes.lv\/lv\/wp-json\/wp\/v2\/product_brand?post=4150"},{"taxonomy":"product_cat","embeddable":true,"href":"https:\/\/www.kartes.lv\/lv\/wp-json\/wp\/v2\/product_cat?post=4150"},{"taxonomy":"product_tag","embeddable":true,"href":"https:\/\/www.kartes.lv\/lv\/wp-json\/wp\/v2\/product_tag?post=4150"}],"curies":[{"name":"wp","href":"https:\/\/api.w.org\/{rel}","templated":true}]}}