{"id":4162,"date":"2016-10-28T11:20:11","date_gmt":"2016-10-28T09:20:11","guid":{"rendered":"http:\/\/wp4.kartes.lv\/lv\/product\/pasaules-politiska-sienas-karte-retro-stila\/"},"modified":"2026-01-27T11:22:16","modified_gmt":"2026-01-27T09:22:16","slug":"pasaules-politiska-sienas-karte-retro-stila","status":"publish","type":"product","link":"https:\/\/www.kartes.lv\/lv\/product\/pasaules-politiska-sienas-karte-retro-stila\/","title":{"rendered":"Pasaules politisk\u0101 sienas karte retro stil\u0101"},"content":{"rendered":"<p>19. gadsimta beigu &#8211; 20. gadsimta s\u0101kuma stil\u0101 noform\u0113ta m\u016bsdienu pasaules politisk\u0101 karte ar visu valstu, vald\u012bjumu, teritoriju un starptautisko organiz\u0101ciju &#8220;pl\u012bvojo\u0161iem&#8221; karodzi\u0146iem. Arktikas un Antarktikas karte.<\/p>\n<p>Karti nor\u0101d\u012btaj\u0101 izm\u0113r\u0101 iesp\u0113jams ieg\u0101d\u0101ties tikai k\u0101 lielform\u0101ta izdruku uz pap\u012bra.<br \/>\n<!--StartFragment --><\/p>\n<p class=\"pf0\"><em><span class=\"cf0\">Ja v\u0113laties \u0161o karti cit\u0101 izm\u0113r\u0101 vai uz cita veida materi\u0101la (abpus\u0113ji lamin\u0113tu, uzdruk\u0101tu uz plastik\u0101ta, ier\u0101m\u0113tu), papildu inform\u0101cijai l\u016bdzam zvan\u012bt pa t\u0101lruni\u00a0<\/span><strong><span class=\"cf1\">67317540<\/span><\/strong><span class=\"cf0\"><strong>\u00a0<\/strong>vai rakst\u012bt uz e-pastu:\u00a0<\/span><strong><span class=\"cf1\">kartes@kartes.lv<\/span><\/strong><span class=\"cf0\">.<\/span><\/em><!--EndFragment --><\/p>\n<p><\/p>","protected":false},"excerpt":{"rendered":"<p>M\u0113rogs: 1: 32 000 000<\/p>\n<p>Izdrukas izm\u0113rs: 109,5 x 85 cm<\/p>\n<p><strong>Pieejama p\u0113c pas\u016bt\u012bjuma<\/strong>, izgatavojam 5-7 darba dienu laik\u0101.<\/p>\n","protected":false},"featured_media":7987,"comment_status":"closed","ping_status":"closed","template":"","meta":[],"product_brand":[],"product_cat":[13],"product_tag":[],"class_list":{"0":"post-4162","1":"product","2":"type-product","3":"status-publish","4":"has-post-thumbnail","6":"product_cat-sienas-kartes","8":"first","9":"instock","10":"taxable","11":"shipping-taxable","12":"purchasable","13":"product-type-simple"},"_links":{"self":[{"href":"https:\/\/www.kartes.lv\/lv\/wp-json\/wp\/v2\/product\/4162","targetHints":{"allow":["GET"]}}],"collection":[{"href":"https:\/\/www.kartes.lv\/lv\/wp-json\/wp\/v2\/product"}],"about":[{"href":"https:\/\/www.kartes.lv\/lv\/wp-json\/wp\/v2\/types\/product"}],"replies":[{"embeddable":true,"href":"https:\/\/www.kartes.lv\/lv\/wp-json\/wp\/v2\/comments?post=4162"}],"wp:featuredmedia":[{"embeddable":true,"href":"https:\/\/www.kartes.lv\/lv\/wp-json\/wp\/v2\/media\/7987"}],"wp:attachment":[{"href":"https:\/\/www.kartes.lv\/lv\/wp-json\/wp\/v2\/media?parent=4162"}],"wp:term":[{"taxonomy":"product_brand","embeddable":true,"href":"https:\/\/www.kartes.lv\/lv\/wp-json\/wp\/v2\/product_brand?post=4162"},{"taxonomy":"product_cat","embeddable":true,"href":"https:\/\/www.kartes.lv\/lv\/wp-json\/wp\/v2\/product_cat?post=4162"},{"taxonomy":"product_tag","embeddable":true,"href":"https:\/\/www.kartes.lv\/lv\/wp-json\/wp\/v2\/product_tag?post=4162"}],"curies":[{"name":"wp","href":"https:\/\/api.w.org\/{rel}","templated":true}]}}