{"id":4186,"date":"2016-10-28T11:20:16","date_gmt":"2016-10-28T09:20:16","guid":{"rendered":"http:\/\/wp4.kartes.lv\/lv\/product\/pasaules-politiska-karte-polara-projekcija\/"},"modified":"2026-01-27T11:21:59","modified_gmt":"2026-01-27T09:21:59","slug":"pasaules-politiska-karte-polara-karte-projekcija","status":"publish","type":"product","link":"https:\/\/www.kartes.lv\/lv\/product\/pasaules-politiska-karte-polara-karte-projekcija\/","title":{"rendered":"Pasaules politisk\u0101 sienas karte pol\u0101r\u0101 projekcij\u0101"},"content":{"rendered":"<p>\u0160\u012b pasaules politisk\u0101s kartes versija ir ang\u013cu valod\u0101 un neparast\u0101 projekcij\u0101 &#8211; kur kartes centr\u0101 ir Zieme\u013cpols, l\u012bdz ar to galven\u0101 uzman\u012bba kart\u0113 v\u0113rsta uz Zieme\u013cu puslodi.<\/p>\n<p>Cit\u0101di kartes saturs b\u016btiski neat\u0161\u0137iras no klasisk\u0101s pasaules politisk\u0101s kartes: aktu\u0101lais teritorijas dal\u012bjums valst\u012bs, galvaspils\u0113t\u0101s un cit\u0101s noz\u012bm\u012bg\u0101kaj\u0101s pils\u0113t\u0101s.<\/p>\n<p>Karti \u0161aj\u0101 izm\u0113r\u0101 iesp\u0113jams ieg\u0101d\u0101ties k\u0101 lielform\u0101ta izdruku uz pap\u012bra. <!--StartFragment --><\/p>\n<p class=\"pf0\"><em><span class=\"cf0\">Ja v\u0113laties \u0161o karti cit\u0101 izm\u0113r\u0101 vai uz cita veida materi\u0101la (abpus\u0113ji lamin\u0113tu, uzdruk\u0101tu uz plastik\u0101ta, ier\u0101m\u0113tu), papildu inform\u0101cijai l\u016bdzam zvan\u012bt pa t\u0101lruni\u00a0<\/span><strong><span class=\"cf1\">67317540<\/span><\/strong><span class=\"cf0\"><strong>\u00a0<\/strong>vai rakst\u012bt uz e-pastu:<strong>\u00a0<\/strong><\/span><strong><span class=\"cf1\">kartes@kartes.lv<\/span><\/strong><span class=\"cf0\">.<\/span><\/em><\/p>\n<p><!--EndFragment --><\/p>","protected":false},"excerpt":{"rendered":"<p>Valoda: Ang\u013cu<\/p>\n<p>M\u0113rogs 1: 32 000 000<\/p>\n<p>Izdrukas izm\u0113rs 130 x 130 cm, abpus\u0113ji lamin\u0113ta ar mat\u0113tu lamin\u0101tu.<\/p>\n<p><strong>Pieejama p\u0113c pas\u016bt\u012bjuma<\/strong>, izgatavojam 2-3 darba dienu laik\u0101.<\/p>\n","protected":false},"featured_media":6189,"comment_status":"closed","ping_status":"closed","template":"","meta":[],"product_brand":[],"product_cat":[13],"product_tag":[],"class_list":{"0":"post-4186","1":"product","2":"type-product","3":"status-publish","4":"has-post-thumbnail","6":"product_cat-sienas-kartes","8":"first","9":"instock","10":"taxable","11":"shipping-taxable","12":"purchasable","13":"product-type-simple"},"_links":{"self":[{"href":"https:\/\/www.kartes.lv\/lv\/wp-json\/wp\/v2\/product\/4186","targetHints":{"allow":["GET"]}}],"collection":[{"href":"https:\/\/www.kartes.lv\/lv\/wp-json\/wp\/v2\/product"}],"about":[{"href":"https:\/\/www.kartes.lv\/lv\/wp-json\/wp\/v2\/types\/product"}],"replies":[{"embeddable":true,"href":"https:\/\/www.kartes.lv\/lv\/wp-json\/wp\/v2\/comments?post=4186"}],"wp:featuredmedia":[{"embeddable":true,"href":"https:\/\/www.kartes.lv\/lv\/wp-json\/wp\/v2\/media\/6189"}],"wp:attachment":[{"href":"https:\/\/www.kartes.lv\/lv\/wp-json\/wp\/v2\/media?parent=4186"}],"wp:term":[{"taxonomy":"product_brand","embeddable":true,"href":"https:\/\/www.kartes.lv\/lv\/wp-json\/wp\/v2\/product_brand?post=4186"},{"taxonomy":"product_cat","embeddable":true,"href":"https:\/\/www.kartes.lv\/lv\/wp-json\/wp\/v2\/product_cat?post=4186"},{"taxonomy":"product_tag","embeddable":true,"href":"https:\/\/www.kartes.lv\/lv\/wp-json\/wp\/v2\/product_tag?post=4186"}],"curies":[{"name":"wp","href":"https:\/\/api.w.org\/{rel}","templated":true}]}}