{"id":4194,"date":"2016-10-28T11:20:19","date_gmt":"2016-10-28T09:20:19","guid":{"rendered":"http:\/\/wp4.kartes.lv\/lv\/product\/vecriga-sienas-karte\/"},"modified":"2025-08-04T11:03:16","modified_gmt":"2025-08-04T08:03:16","slug":"vecriga-sienas-karte","status":"publish","type":"product","link":"https:\/\/www.kartes.lv\/lv\/product\/vecriga-sienas-karte\/","title":{"rendered":"Vecr\u012bgas sienas karte"},"content":{"rendered":"<p>R\u012bgas centra panor\u0101mas z\u012bm\u0113jumu meistar\u012bgi ir izpild\u012bjis viens no Latvijas lab\u0101kajiem grafiskajiem dizaineriem &#8211; Reinis P\u0113tersons.<\/p>\n<p>Z\u012bm\u0113jum\u0101 skat\u0101ma Vecr\u012bga, tai tuv\u0113j\u0101 kan\u0101lmalas apst\u0101d\u012bjumu josla un bulv\u0101ru loks, stacijas un tirgus apk\u0101rtne, k\u0101 ar\u012b P\u0101rdaugavas josla ar Nacion\u0101l\u0101s bibliot\u0113kas \u0113ku. Apbr\u012bnojami prec\u012bzais un neticami detaliz\u0113tais att\u0113ls \u013cauj mums skat\u012bt pils\u0113tu k\u0101 no gaisa balona lidojuma.<\/p>\n<p>Sienas karte pieejama ier\u0101m\u0113ta alum\u012bnija r\u0101m\u012b.<\/p>\n<p><em>Ja v\u0113laties \u0161o karti cit\u0101 izm\u0113r\u0101 vai uz cita veida materi\u0101la, papildu inform\u0101cijai l\u016bdzam zvan\u012bt pa t\u0101lruni <strong>67317540<\/strong> vai rakst\u012bt uz e-pastu: <strong>kartes@kartes.lv<\/strong>.<\/em><\/p>","protected":false},"excerpt":{"rendered":"<p>Izdrukas izm\u0113rs: 150 x 110 cm<\/p>\n<p><strong>Pieejama p\u0113c individu\u0101la pas\u016bt\u012bjuma!<\/strong><\/p>\n<p>Izgatavojam 3-5 darba dienu laik\u0101.<\/p>\n<p>&nbsp;<\/p>\n","protected":false},"featured_media":7975,"comment_status":"closed","ping_status":"closed","template":"","meta":[],"product_brand":[],"product_cat":[13],"product_tag":[],"class_list":{"0":"post-4194","1":"product","2":"type-product","3":"status-publish","4":"has-post-thumbnail","6":"product_cat-sienas-kartes","8":"first","9":"instock","10":"taxable","11":"shipping-taxable","12":"purchasable","13":"product-type-simple"},"_links":{"self":[{"href":"https:\/\/www.kartes.lv\/lv\/wp-json\/wp\/v2\/product\/4194","targetHints":{"allow":["GET"]}}],"collection":[{"href":"https:\/\/www.kartes.lv\/lv\/wp-json\/wp\/v2\/product"}],"about":[{"href":"https:\/\/www.kartes.lv\/lv\/wp-json\/wp\/v2\/types\/product"}],"replies":[{"embeddable":true,"href":"https:\/\/www.kartes.lv\/lv\/wp-json\/wp\/v2\/comments?post=4194"}],"wp:featuredmedia":[{"embeddable":true,"href":"https:\/\/www.kartes.lv\/lv\/wp-json\/wp\/v2\/media\/7975"}],"wp:attachment":[{"href":"https:\/\/www.kartes.lv\/lv\/wp-json\/wp\/v2\/media?parent=4194"}],"wp:term":[{"taxonomy":"product_brand","embeddable":true,"href":"https:\/\/www.kartes.lv\/lv\/wp-json\/wp\/v2\/product_brand?post=4194"},{"taxonomy":"product_cat","embeddable":true,"href":"https:\/\/www.kartes.lv\/lv\/wp-json\/wp\/v2\/product_cat?post=4194"},{"taxonomy":"product_tag","embeddable":true,"href":"https:\/\/www.kartes.lv\/lv\/wp-json\/wp\/v2\/product_tag?post=4194"}],"curies":[{"name":"wp","href":"https:\/\/api.w.org\/{rel}","templated":true}]}}