{"id":4905,"date":"2017-03-31T15:52:25","date_gmt":"2017-03-31T13:52:25","guid":{"rendered":"http:\/\/wp4.kartes.lv\/?post_type=product&#038;p=4905"},"modified":"2026-04-02T01:00:02","modified_gmt":"2026-04-01T22:00:02","slug":"serija-ar-karti-daba-latgale","status":"publish","type":"product","link":"https:\/\/www.kartes.lv\/lv\/product\/serija-ar-karti-daba-latgale\/","title":{"rendered":"\u201cAr karti dab\u0101\u201d &#8211; Latgale"},"content":{"rendered":"<p>Ce\u013cvedis izdots pirms 10 gadiem, ta\u010du joproj\u0101m ir aktu\u0101ls un v\u0113rt\u012bgs. Taj\u0101 apkopotas 9 skaist\u0101k\u0101s dabas takas Latgal\u0113. \u0160\u0101ds apkopojums veikts pirmo reizi, sadarbojoties ar dabas taku pazin\u0113jiem un ekspertiem no port\u0101la dodies.lv. Izv\u0113loties takas, \u0146emti v\u0113r\u0101 vair\u0101ki krit\u0113riji: ainavisk\u0101 un informat\u012bv\u0101 v\u0113rt\u012bba, \u0123eogr\u0101fiskais izvietojums, pieejam\u0101s infrastrukt\u016bras kvalit\u0101te u.c. Izdevums veidots sadarb\u012bb\u0101 ar akciju sabiedr\u012bbu \u201cLatvijas valsts me\u017ei\u201d.<\/p>\n<p>Katrai takai izveidots informat\u012bvs apraksts, pievienota detaliz\u0113ta karte, att\u0113li un b\u016btiska inform\u0101cija: takas garums, pl\u0101notais p\u0101rg\u0101jiena laiks, ce\u013ca seguma veids, gr\u016bt\u012bbas pak\u0101pe, mar\u0137\u0113juma esam\u012bba dab\u0101, atp\u016btas un ugunskura vietu pieejam\u012bba, iesp\u0113ja p\u0101rvietoties ar velosip\u0113du, b\u0113rnu vai inval\u012bdu rati\u0146iem.<\/p>\n<p>Velobrauc\u0113jiem kart\u0113s iek\u013cauti ofici\u0101li mar\u0137\u0113tie velomar\u0161ruti ar numur\u0101ciju. \u0160ie mar\u0161ruti dab\u0101 atpaz\u012bstami p\u0113c zilas pl\u0101ksn\u012btes ar balta velosip\u0113da simbolu un mar\u0161ruta numuru.<\/p>\n<p>Ce\u013cve\u017ea pamat\u0101 ir detaliz\u0113ta karte m\u0113rog\u0101 1:100 000 (1 cm kart\u0113 = 1 km dab\u0101) visai Latvijas teritorijai un katra lapaspuse ir lamin\u0113ta.<\/p>\n<p>Izdevuma b\u016btisk\u0101k\u0101 priek\u0161roc\u012bba ir t\u0101 funkcionalit\u0101te re\u0101los apvidus apst\u0101k\u013cos \u2013 uz ce\u013ca, \u016bdens vai me\u017e\u0101. At\u0161\u0137ir\u012bb\u0101 no digit\u0101laj\u0101m navig\u0101cijas ier\u012bc\u0113m, viedt\u0101lru\u0146iem vai plan\u0161et\u0113m, \u0161\u012bs kartes ir p\u0101rskat\u0101m\u0101kas, detaliz\u0113t\u0101kas un izmantojamas jebkuros apst\u0101k\u013cos \u2013 neatkar\u012bgi no akumulatora darb\u012bbas ilguma vai interneta pieejam\u012bbas.<\/p>\n<p>Dosimies ar karti dab\u0101!<\/p>","protected":false},"excerpt":{"rendered":"<p>Otrais, atjaunotais izdevums.<\/p>\n<p>2016. gada izdevums<br \/>\nIzm\u0113rs: 21,5 cm x 30 cm<br \/>\nSvars; 0.390 g<br \/>\n50 lpp.<br \/>\nSpir\u0101les ies\u0113jums\/katra lapaspuse lamin\u0113ta<\/p>\n<p>EAN: 9789984077055<\/p>\n","protected":false},"featured_media":5425,"comment_status":"closed","ping_status":"closed","template":"","meta":[],"product_brand":[],"product_cat":[132],"product_tag":[],"class_list":{"0":"post-4905","1":"product","2":"type-product","3":"status-publish","4":"has-post-thumbnail","6":"product_cat-pedejie-eksemplari","8":"first","9":"instock","10":"featured","11":"taxable","12":"shipping-taxable","13":"purchasable","14":"product-type-simple"},"_links":{"self":[{"href":"https:\/\/www.kartes.lv\/lv\/wp-json\/wp\/v2\/product\/4905","targetHints":{"allow":["GET"]}}],"collection":[{"href":"https:\/\/www.kartes.lv\/lv\/wp-json\/wp\/v2\/product"}],"about":[{"href":"https:\/\/www.kartes.lv\/lv\/wp-json\/wp\/v2\/types\/product"}],"replies":[{"embeddable":true,"href":"https:\/\/www.kartes.lv\/lv\/wp-json\/wp\/v2\/comments?post=4905"}],"wp:featuredmedia":[{"embeddable":true,"href":"https:\/\/www.kartes.lv\/lv\/wp-json\/wp\/v2\/media\/5425"}],"wp:attachment":[{"href":"https:\/\/www.kartes.lv\/lv\/wp-json\/wp\/v2\/media?parent=4905"}],"wp:term":[{"taxonomy":"product_brand","embeddable":true,"href":"https:\/\/www.kartes.lv\/lv\/wp-json\/wp\/v2\/product_brand?post=4905"},{"taxonomy":"product_cat","embeddable":true,"href":"https:\/\/www.kartes.lv\/lv\/wp-json\/wp\/v2\/product_cat?post=4905"},{"taxonomy":"product_tag","embeddable":true,"href":"https:\/\/www.kartes.lv\/lv\/wp-json\/wp\/v2\/product_tag?post=4905"}],"curies":[{"name":"wp","href":"https:\/\/api.w.org\/{rel}","templated":true}]}}