{"id":4907,"date":"2017-03-31T16:17:20","date_gmt":"2017-03-31T14:17:20","guid":{"rendered":"http:\/\/wp4.kartes.lv\/?post_type=product&#038;p=4907"},"modified":"2025-08-26T20:32:19","modified_gmt":"2025-08-26T17:32:19","slug":"krasojamo-karsu-gramata-terra-color","status":"publish","type":"product","link":"https:\/\/www.kartes.lv\/lv\/product\/krasojamo-karsu-gramata-terra-color\/","title":{"rendered":"Kr\u0101sojamo kar\u0161u gr\u0101mata \u201cTerra Color\u201d (nocenots)"},"content":{"rendered":"<p>\u201cTerra Color\u201d ir kr\u0101sojam\u0101 kar\u0161u gr\u0101mata pieaugu\u0161ajiem un b\u0113rniem, kas \u013caus iepaz\u012bt cilv\u0113ka un dabas mijiedarb\u012bb\u0101 tapu\u0161as l\u012bnijas, kuras ievilktas uz m\u016bsu Zemeslodes. Kr\u0101sojot lapu pa lapai, nok\u013c\u016bsiet gan labi zin\u0101m\u0101s un atpaz\u012bstam\u0101s, gan noma\u013c\u0101s un nosl\u0113pumain\u0101s viet\u0101s.<\/p>\n<p>Izkr\u0101so un radi pasauli ar sav\u0101m kr\u0101s\u0101m! \u00a0Atkl\u0101j sev\u012b kartogr\u0101fu, izkr\u0101sojot ielas un \u0113kas, upes un ezerus, valstis un kontinentus. Lappusi pa lappusei izkr\u0101so 24 pasaules vietas, to skait\u0101 \u0145ujorku, Dubaiju, Ven\u0113ciju, Somijas ezerus, Kualalumpuru, Rio un Vecr\u012bgu!<\/p>\n<p>Gr\u0101matas tehniskais izpild\u012bjums \u013cauj katru lapu no gr\u0101matas \u0113rti atdal\u012bt un izkr\u0101sotu piespraust pie sienas vai d\u0101vin\u0101t k\u0101 apsveikumu.<\/p>\n<p>Pieejama latvie\u0161u valod\u0101, lietuvie\u0161u valod\u0101 un igau\u0146u valod\u0101.<\/p>","protected":false},"excerpt":{"rendered":"<p>Gr\u0101mata pieejama ar\u012b lietuvie\u0161u un igau\u0146u valod\u0101.<\/p>\n<p>Izm\u0113rs 23 x 22 cm<br \/>\nApjoms 24 lpp.<\/p>\n<p>EAN: 9789984077161<\/p>\n","protected":false},"featured_media":5418,"comment_status":"closed","ping_status":"closed","template":"","meta":[],"product_brand":[],"product_cat":[113,86,111],"product_tag":[],"class_list":{"0":"post-4907","1":"product","2":"type-product","3":"status-publish","4":"has-post-thumbnail","6":"product_cat-skoleniem","7":"product_cat-davanas","8":"product_cat-nocenots","10":"first","11":"instock","12":"sale","13":"featured","14":"taxable","15":"shipping-taxable","16":"purchasable","17":"product-type-simple"},"_links":{"self":[{"href":"https:\/\/www.kartes.lv\/lv\/wp-json\/wp\/v2\/product\/4907","targetHints":{"allow":["GET"]}}],"collection":[{"href":"https:\/\/www.kartes.lv\/lv\/wp-json\/wp\/v2\/product"}],"about":[{"href":"https:\/\/www.kartes.lv\/lv\/wp-json\/wp\/v2\/types\/product"}],"replies":[{"embeddable":true,"href":"https:\/\/www.kartes.lv\/lv\/wp-json\/wp\/v2\/comments?post=4907"}],"wp:featuredmedia":[{"embeddable":true,"href":"https:\/\/www.kartes.lv\/lv\/wp-json\/wp\/v2\/media\/5418"}],"wp:attachment":[{"href":"https:\/\/www.kartes.lv\/lv\/wp-json\/wp\/v2\/media?parent=4907"}],"wp:term":[{"taxonomy":"product_brand","embeddable":true,"href":"https:\/\/www.kartes.lv\/lv\/wp-json\/wp\/v2\/product_brand?post=4907"},{"taxonomy":"product_cat","embeddable":true,"href":"https:\/\/www.kartes.lv\/lv\/wp-json\/wp\/v2\/product_cat?post=4907"},{"taxonomy":"product_tag","embeddable":true,"href":"https:\/\/www.kartes.lv\/lv\/wp-json\/wp\/v2\/product_tag?post=4907"}],"curies":[{"name":"wp","href":"https:\/\/api.w.org\/{rel}","templated":true}]}}