{"id":4913,"date":"2017-03-31T16:25:08","date_gmt":"2017-03-31T14:25:08","guid":{"rendered":"http:\/\/wp4.kartes.lv\/?post_type=product&#038;p=4913"},"modified":"2026-05-06T11:50:36","modified_gmt":"2026-05-06T08:50:36","slug":"kasamkarte-eiropa","status":"publish","type":"product","link":"https:\/\/www.kartes.lv\/lv\/product\/kasamkarte-eiropa\/","title":{"rendered":"Kas\u0101mkarte &#8220;Eiropa&#8221;"},"content":{"rendered":"<p>Kas\u0101mkarte ir lielisks veids, k\u0101 atz\u012bm\u0113t kart\u0113 t\u0101s\u00a0Eiropas vietas, kuras esi apmekl\u0113jis, apskat\u012bjis, izbaud\u012bjis!<\/p>\n<p>Visbie\u017e\u0101k m\u0113s ce\u013cojam pa Eiropu, te dz\u012bvo m\u016bsu draugi un str\u0101d\u0101 m\u016bsu partneri. Tagad to visu viegli un uzskat\u0101mi var\u0113si atz\u012bm\u0113t m\u016bsu jaunaj\u0101 Eiropas kas\u0101mkart\u0113.<\/p>\n<p>Nokasi zelt\u012bt\u0101s kr\u0101sas sl\u0101ni, uz kura atz\u012bm\u0113tas valstu kont\u016bras un nosaukumi, un skatam pak\u0101peniski atkl\u0101sies Eiropas politisk\u0101 karte. Jo vair\u0101k ce\u013cojumu, draugu vai partneru, jo piln\u012bg\u0101ka t\u0101 b\u016bs!<\/p>\n<p>Izdevums ir iepakots \u012bpa\u0161a dizaina kartona tubus\u0101, ko var lieliski izmantot k\u0101 d\u0101vanu.<\/p>","protected":false},"excerpt":{"rendered":"<p>Kartes izm\u0113rs 70 x 49 cm<br \/>\nTubusa izm\u0113rs 54,5 cm x 7 cm (diametrs)<\/p>\n<p>EAN: 9789984077086<\/p>\n","protected":false},"featured_media":5750,"comment_status":"closed","ping_status":"closed","template":"","meta":[],"product_brand":[],"product_cat":[17,132],"product_tag":[],"class_list":{"0":"post-4913","1":"product","2":"type-product","3":"status-publish","4":"has-post-thumbnail","6":"product_cat-kasamkartes-un-kasamplakati","7":"product_cat-pedejie-eksemplari","9":"first","10":"instock","11":"taxable","12":"shipping-taxable","13":"purchasable","14":"product-type-simple"},"_links":{"self":[{"href":"https:\/\/www.kartes.lv\/lv\/wp-json\/wp\/v2\/product\/4913","targetHints":{"allow":["GET"]}}],"collection":[{"href":"https:\/\/www.kartes.lv\/lv\/wp-json\/wp\/v2\/product"}],"about":[{"href":"https:\/\/www.kartes.lv\/lv\/wp-json\/wp\/v2\/types\/product"}],"replies":[{"embeddable":true,"href":"https:\/\/www.kartes.lv\/lv\/wp-json\/wp\/v2\/comments?post=4913"}],"wp:featuredmedia":[{"embeddable":true,"href":"https:\/\/www.kartes.lv\/lv\/wp-json\/wp\/v2\/media\/5750"}],"wp:attachment":[{"href":"https:\/\/www.kartes.lv\/lv\/wp-json\/wp\/v2\/media?parent=4913"}],"wp:term":[{"taxonomy":"product_brand","embeddable":true,"href":"https:\/\/www.kartes.lv\/lv\/wp-json\/wp\/v2\/product_brand?post=4913"},{"taxonomy":"product_cat","embeddable":true,"href":"https:\/\/www.kartes.lv\/lv\/wp-json\/wp\/v2\/product_cat?post=4913"},{"taxonomy":"product_tag","embeddable":true,"href":"https:\/\/www.kartes.lv\/lv\/wp-json\/wp\/v2\/product_tag?post=4913"}],"curies":[{"name":"wp","href":"https:\/\/api.w.org\/{rel}","templated":true}]}}