{"id":5810,"date":"2017-08-09T10:16:25","date_gmt":"2017-08-09T08:16:25","guid":{"rendered":"https:\/\/www.kartes.lv\/?post_type=product&#038;p=5810"},"modified":"2025-08-04T10:57:06","modified_gmt":"2025-08-04T07:57:06","slug":"ziemeleiropas-sienas-karte","status":"publish","type":"product","link":"https:\/\/www.kartes.lv\/lv\/product\/ziemeleiropas-sienas-karte\/","title":{"rendered":"Zieme\u013ceiropas sienas karte"},"content":{"rendered":"<p>Zieme\u013ceiropas kart\u0113 att\u0113lots detaliz\u0113ts autoce\u013cu un dzelzce\u013cu t\u012bkls, apdz\u012bvoto vietu klasifik\u0101cija, administrat\u012bv\u0101s robe\u017eas.<\/p>\n<p>Vietv\u0101rdi doti ori\u0123in\u0101lvalod\u0101s, bet paskaidrojumi apz\u012bm\u0113jumiem \u010detr\u0101s valod\u0101s. Karti papildina valstu karogi.<\/p>\n<p>Karti nor\u0101d\u012btaj\u0101 izm\u0113r\u0101 iesp\u0113jams ieg\u0101d\u0101ties k\u0101 lielform\u0101ta izdruku uz pap\u012bra.<\/p>\n<p><em>Ja v\u0113laties \u0161o karti cit\u0101 izm\u0113r\u0101 vai uz cita veida materi\u0101la (abpus\u0113ji lamin\u0113tu, uzdruk\u0101tu uz plastik\u0101ta, ier\u0101m\u0113tu), papildu inform\u0101cijai l\u016bdzam zvan\u012bt pa t\u0101lruni\u00a0<strong>67317540\u00a0<\/strong>vai rakst\u012bt uz e-pastu:\u00a0<strong>kartes@kartes.lv<\/strong>.<\/em><\/p>","protected":false},"excerpt":{"rendered":"<p>M\u0113rogs:\u00a0 1: 1,400,000<\/p>\n<p>Izdrukas izm\u0113rs: 105 x 150 cm<\/p>\n<p><strong>Pieejama p\u0113c pas\u016bt\u012bjuma<\/strong>, izgatavojam 2-3 darba dienu laik\u0101.<\/p>\n<p><strong>Nav ier\u0101m\u0113ta!<\/strong><\/p>\n","protected":false},"featured_media":6187,"comment_status":"closed","ping_status":"closed","template":"","meta":[],"product_brand":[],"product_cat":[13],"product_tag":[],"class_list":{"0":"post-5810","1":"product","2":"type-product","3":"status-publish","4":"has-post-thumbnail","6":"product_cat-sienas-kartes","8":"first","9":"instock","10":"taxable","11":"shipping-taxable","12":"purchasable","13":"product-type-simple"},"_links":{"self":[{"href":"https:\/\/www.kartes.lv\/lv\/wp-json\/wp\/v2\/product\/5810","targetHints":{"allow":["GET"]}}],"collection":[{"href":"https:\/\/www.kartes.lv\/lv\/wp-json\/wp\/v2\/product"}],"about":[{"href":"https:\/\/www.kartes.lv\/lv\/wp-json\/wp\/v2\/types\/product"}],"replies":[{"embeddable":true,"href":"https:\/\/www.kartes.lv\/lv\/wp-json\/wp\/v2\/comments?post=5810"}],"wp:featuredmedia":[{"embeddable":true,"href":"https:\/\/www.kartes.lv\/lv\/wp-json\/wp\/v2\/media\/6187"}],"wp:attachment":[{"href":"https:\/\/www.kartes.lv\/lv\/wp-json\/wp\/v2\/media?parent=5810"}],"wp:term":[{"taxonomy":"product_brand","embeddable":true,"href":"https:\/\/www.kartes.lv\/lv\/wp-json\/wp\/v2\/product_brand?post=5810"},{"taxonomy":"product_cat","embeddable":true,"href":"https:\/\/www.kartes.lv\/lv\/wp-json\/wp\/v2\/product_cat?post=5810"},{"taxonomy":"product_tag","embeddable":true,"href":"https:\/\/www.kartes.lv\/lv\/wp-json\/wp\/v2\/product_tag?post=5810"}],"curies":[{"name":"wp","href":"https:\/\/api.w.org\/{rel}","templated":true}]}}