{"id":6422,"date":"2018-03-08T17:14:09","date_gmt":"2018-03-08T15:14:09","guid":{"rendered":"https:\/\/www.kartes.lv\/?post_type=product&#038;p=6422"},"modified":"2024-07-24T13:59:38","modified_gmt":"2024-07-24T10:59:38","slug":"cahija","status":"publish","type":"product","link":"https:\/\/www.kartes.lv\/lv\/product\/cahija\/","title":{"rendered":"\u010cehija. Autoce\u013cu karte"},"content":{"rendered":"<p>Karte izdota sadarb\u012bb\u0101 ar izdevniec\u012bbas Freytag&amp;Berndt kartogr\u0101fiem.<\/p>","protected":false},"excerpt":{"rendered":"<p>2018. gada izdevums<\/p>\n<p>Nosaukumu r\u0101d\u012bt\u0101ja gr\u0101mati\u0146a ar liel\u0101ko pils\u0113tu pl\u0101niem.<\/p>\n<p>M\u0113rogs 1: 300 000<br \/>\nIzm\u0113rs 87\u00a0 x 126 cm \/ loc\u012bts 13 x 25,5 cm<br \/>\nCietie v\u0101ci\u0146i<\/p>\n<p>EAN: 9789984077390<\/p>\n<p>&nbsp;<\/p>\n<p>&nbsp;<\/p>\n","protected":false},"featured_media":6423,"comment_status":"closed","ping_status":"closed","template":"","meta":[],"product_brand":[],"product_cat":[7,9],"product_tag":[],"class_list":{"0":"post-6422","1":"product","2":"type-product","3":"status-publish","4":"has-post-thumbnail","6":"product_cat-kartes-atlanti-celvezi","7":"product_cat-eiropas-kartes","9":"first","10":"instock","11":"taxable","12":"shipping-taxable","13":"purchasable","14":"product-type-simple"},"_links":{"self":[{"href":"https:\/\/www.kartes.lv\/lv\/wp-json\/wp\/v2\/product\/6422","targetHints":{"allow":["GET"]}}],"collection":[{"href":"https:\/\/www.kartes.lv\/lv\/wp-json\/wp\/v2\/product"}],"about":[{"href":"https:\/\/www.kartes.lv\/lv\/wp-json\/wp\/v2\/types\/product"}],"replies":[{"embeddable":true,"href":"https:\/\/www.kartes.lv\/lv\/wp-json\/wp\/v2\/comments?post=6422"}],"wp:featuredmedia":[{"embeddable":true,"href":"https:\/\/www.kartes.lv\/lv\/wp-json\/wp\/v2\/media\/6423"}],"wp:attachment":[{"href":"https:\/\/www.kartes.lv\/lv\/wp-json\/wp\/v2\/media?parent=6422"}],"wp:term":[{"taxonomy":"product_brand","embeddable":true,"href":"https:\/\/www.kartes.lv\/lv\/wp-json\/wp\/v2\/product_brand?post=6422"},{"taxonomy":"product_cat","embeddable":true,"href":"https:\/\/www.kartes.lv\/lv\/wp-json\/wp\/v2\/product_cat?post=6422"},{"taxonomy":"product_tag","embeddable":true,"href":"https:\/\/www.kartes.lv\/lv\/wp-json\/wp\/v2\/product_tag?post=6422"}],"curies":[{"name":"wp","href":"https:\/\/api.w.org\/{rel}","templated":true}]}}