{"id":6424,"date":"2018-03-08T17:19:12","date_gmt":"2018-03-08T15:19:12","guid":{"rendered":"https:\/\/www.kartes.lv\/?post_type=product&#038;p=6424"},"modified":"2025-07-29T08:46:07","modified_gmt":"2025-07-29T05:46:07","slug":"cehija-slovakija-un-ungarija","status":"publish","type":"product","link":"https:\/\/www.kartes.lv\/lv\/product\/cehija-slovakija-un-ungarija\/","title":{"rendered":"\u010cehija. Slov\u0101kija. Ung\u0101rija. Autoce\u013cu karte"},"content":{"rendered":"<p>Karte ir sagatavota un public\u0113ta sadarb\u012bb\u0101 ar Freytag&amp;Berndt kartogr\u0101fiem.<\/p>","protected":false},"excerpt":{"rendered":"<p>2018. gada izdevums<\/p>\n<p>M\u0113rogs 1: 800 000<br \/>\nIzm\u0113rs 87 x 126 cm \/ loc\u012bts 13 x 25,5 cm<br \/>\nCietie v\u0101ci\u0146i.<\/p>\n<p>EAN: 9789984077406<\/p>\n","protected":false},"featured_media":6425,"comment_status":"closed","ping_status":"closed","template":"","meta":[],"product_brand":[],"product_cat":[7,9],"product_tag":[],"class_list":{"0":"post-6424","1":"product","2":"type-product","3":"status-publish","4":"has-post-thumbnail","6":"product_cat-kartes-atlanti-celvezi","7":"product_cat-eiropas-kartes","9":"first","10":"instock","11":"taxable","12":"shipping-taxable","13":"purchasable","14":"product-type-simple"},"_links":{"self":[{"href":"https:\/\/www.kartes.lv\/lv\/wp-json\/wp\/v2\/product\/6424","targetHints":{"allow":["GET"]}}],"collection":[{"href":"https:\/\/www.kartes.lv\/lv\/wp-json\/wp\/v2\/product"}],"about":[{"href":"https:\/\/www.kartes.lv\/lv\/wp-json\/wp\/v2\/types\/product"}],"replies":[{"embeddable":true,"href":"https:\/\/www.kartes.lv\/lv\/wp-json\/wp\/v2\/comments?post=6424"}],"wp:featuredmedia":[{"embeddable":true,"href":"https:\/\/www.kartes.lv\/lv\/wp-json\/wp\/v2\/media\/6425"}],"wp:attachment":[{"href":"https:\/\/www.kartes.lv\/lv\/wp-json\/wp\/v2\/media?parent=6424"}],"wp:term":[{"taxonomy":"product_brand","embeddable":true,"href":"https:\/\/www.kartes.lv\/lv\/wp-json\/wp\/v2\/product_brand?post=6424"},{"taxonomy":"product_cat","embeddable":true,"href":"https:\/\/www.kartes.lv\/lv\/wp-json\/wp\/v2\/product_cat?post=6424"},{"taxonomy":"product_tag","embeddable":true,"href":"https:\/\/www.kartes.lv\/lv\/wp-json\/wp\/v2\/product_tag?post=6424"}],"curies":[{"name":"wp","href":"https:\/\/api.w.org\/{rel}","templated":true}]}}