{"id":7215,"date":"2018-06-15T13:46:20","date_gmt":"2018-06-15T10:46:20","guid":{"rendered":"https:\/\/www.kartes.lv\/?post_type=product&#038;p=7215"},"modified":"2026-05-06T11:53:14","modified_gmt":"2026-05-06T08:53:14","slug":"dabas-takas-turisma-karte","status":"publish","type":"product","link":"https:\/\/www.kartes.lv\/lv\/product\/dabas-takas-turisma-karte\/","title":{"rendered":"Dabas takas. Latvija. Akt\u012bv\u0101 t\u016brisma karte."},"content":{"rendered":"<p>Pirm\u0101 akt\u012bv\u0101 t\u016brisma karte Latvij\u0101, kas izdota uz \u012bpa\u0161i iztur\u012bga sint\u0113tisk\u0101s \u0161\u0137iedras materi\u0101la Tyvek\u00ae. Tas ir \u016bdensiztur\u012bgs, nebal\u0113 saul\u0113 un nav sapl\u0113\u0161ams, t\u0101p\u0113c nodro\u0161in\u0101s kartes lieto\u0161anas ilgm\u016b\u017e\u012bbu.<\/p>\n<p>Akt\u012bv\u0101 t\u016brisma karte <strong>\u201cDabas takas\u201d <\/strong>aicina apmekl\u0113t dabas takas un skatu tor\u0146us vis\u0101 Latvij\u0101. Lai katrs var\u0113tu izv\u0113l\u0113ties sev atbilsto\u0161\u0101ko p\u0101rg\u0101jiena mar\u0161rutu, par kart\u0113 att\u0113lotaj\u0101m tak\u0101m sniegta katru taku raksturojo\u0161a inform\u0101cija: garums, gr\u016bt\u012bbas pak\u0101pe, segums un s\u0101kuma koordin\u0101tas (skatu tor\u0146iem \u2013 tikai koordin\u0101tas). V\u0113rt\u0113jot dabas un ainavisk\u0101s v\u0113rt\u012bbas, infrastrukt\u016bru un pieejam\u012bbu, izdevuma autori ir izv\u0113l\u0113ju\u0161ies 24 \u012bpa\u0161i interesantas takas un sniegu\u0161i pla\u0161\u0101ku inform\u0101ciju par katru no t\u0101m. Inform\u0101cija ir papildin\u0101ta ar det\u0101l\u0101m apvidus kart\u0113m. J\u0101\u0146em v\u0113r\u0101, ka dabas taku infrastrukt\u016bra un skatu tor\u0146i p\u0101rsvar\u0101 ir b\u016bv\u0113ti no koka, t\u0101p\u0113c pirms do\u0161an\u0101s ce\u013c\u0101 ir v\u0113rts painteres\u0113ties par objektu st\u0101vokli un pieejam\u012bbu.<\/p>\n<p>Izdevums tapis sadarb\u012bb\u0101 ar <em>Mammadaba<\/em> un dabas taku projektu <em>dodies.lv<\/em>.<\/p>","protected":false},"excerpt":{"rendered":"<p>S\u0113rija &#8220;Ar karti dab\u0101&#8221;<\/p>\n<p>Apraksti un sh\u0113mas 24 tak\u0101m, skatu tor\u0146u lok\u0101cijas<\/p>\n<p>Karte uz \u012bpa\u0161i iztur\u012bga materi\u0101la!<\/p>\n<p>2018. gada izdevums<br \/>\nM\u0113rogs 1: 500 000<br \/>\nM\u0113rogs mar\u0161rutu kart\u0113m 1:\u00a020 000 \u2013 1:\u00a0100 000<br \/>\nIzm\u0113rs 97 x 65 cm\/ 12,1 x 21,7 loc\u012bta<\/p>\n<p>EAN: 9789984077437<\/p>\n","protected":false},"featured_media":7217,"comment_status":"closed","ping_status":"closed","template":"","meta":[],"product_brand":[],"product_cat":[7,10,132],"product_tag":[],"class_list":{"0":"post-7215","1":"product","2":"type-product","3":"status-publish","4":"has-post-thumbnail","6":"product_cat-kartes-atlanti-celvezi","7":"product_cat-celu-kartes-atlanti","8":"product_cat-pedejie-eksemplari","10":"first","11":"instock","12":"taxable","13":"shipping-taxable","14":"purchasable","15":"product-type-simple"},"_links":{"self":[{"href":"https:\/\/www.kartes.lv\/lv\/wp-json\/wp\/v2\/product\/7215","targetHints":{"allow":["GET"]}}],"collection":[{"href":"https:\/\/www.kartes.lv\/lv\/wp-json\/wp\/v2\/product"}],"about":[{"href":"https:\/\/www.kartes.lv\/lv\/wp-json\/wp\/v2\/types\/product"}],"replies":[{"embeddable":true,"href":"https:\/\/www.kartes.lv\/lv\/wp-json\/wp\/v2\/comments?post=7215"}],"wp:featuredmedia":[{"embeddable":true,"href":"https:\/\/www.kartes.lv\/lv\/wp-json\/wp\/v2\/media\/7217"}],"wp:attachment":[{"href":"https:\/\/www.kartes.lv\/lv\/wp-json\/wp\/v2\/media?parent=7215"}],"wp:term":[{"taxonomy":"product_brand","embeddable":true,"href":"https:\/\/www.kartes.lv\/lv\/wp-json\/wp\/v2\/product_brand?post=7215"},{"taxonomy":"product_cat","embeddable":true,"href":"https:\/\/www.kartes.lv\/lv\/wp-json\/wp\/v2\/product_cat?post=7215"},{"taxonomy":"product_tag","embeddable":true,"href":"https:\/\/www.kartes.lv\/lv\/wp-json\/wp\/v2\/product_tag?post=7215"}],"curies":[{"name":"wp","href":"https:\/\/api.w.org\/{rel}","templated":true}]}}