{"id":7227,"date":"2018-06-15T14:14:57","date_gmt":"2018-06-15T11:14:57","guid":{"rendered":"https:\/\/www.kartes.lv\/?post_type=product&#038;p=7227"},"modified":"2025-07-28T17:04:23","modified_gmt":"2025-07-28T14:04:23","slug":"laivosanas-marsruti-turisma-karte","status":"publish","type":"product","link":"https:\/\/www.kartes.lv\/lv\/product\/laivosanas-marsruti-turisma-karte\/","title":{"rendered":"Laivo\u0161anas mar\u0161ruti. Latvija. Akt\u012bv\u0101 t\u016brisma karte."},"content":{"rendered":"<p>Pirm\u0101 akt\u012bv\u0101 t\u016brisma karte Latvij\u0101, kas izdota uz \u012bpa\u0161i iztur\u012bga sint\u0113tisk\u0101s \u0161\u0137iedras materi\u0101la Tyvek\u00ae. Tas ir \u016bdensiztur\u012bgs, nebal\u0113 saul\u0113 un nav sapl\u0113\u0161ams, t\u0101p\u0113c nodro\u0161in\u0101s kartes lieto\u0161anas ilgm\u016b\u017e\u012bbu.<\/p>\n<p>Akt\u012bv\u0101 t\u016brisma karte <strong>\u201cLaivo\u0161anas mar\u0161ruti\u201d<\/strong> aicina iepaz\u012bt Latvijas upes. \u012ast\u0101 mar\u0161ruta izv\u0113lei pal\u012bdz\u0113s par tiem sniegt\u0101 inform\u0101cija: ieteicamais laivo\u0161anas posms, garums un sezona. V\u0113rt\u0113jot ainaviskumu un posmu piem\u0113rot\u012bbu akt\u012bvai laivo\u0161anai, izdevuma autori ir izv\u0113l\u0113ju\u0161ies 13 mar\u0161rutus, par kuriem sniegta pla\u0161\u0101ka inform\u0101cija, kas papildin\u0101ta ar det\u0101lu karti. Pirms do\u0161an\u0101s laivo\u0161anas piedz\u012bvojum\u0101 aicin\u0101m noskaidrot, vai \u016bdens l\u012bmenis up\u0113 ir pietiekams un k\u0101da laiva b\u016bs vispiem\u0113rot\u0101k\u0101. Pavasaros un tad, kad up\u0113s ir strauj\u016bdens, nepiecie\u0161amas lab\u0101kas iema\u0146as, t\u0101p\u0113c esiet piesardz\u012bgi! Lietojiet gl\u0101b\u0161anas vesti (b\u0113rniem l\u012bdz 12 gadu vecumam t\u0101 ir oblig\u0101ta)! Lai aiz jums upe paliek t\u012br\u0101ka, atkritumus \u0146emiet l\u012bdzi!<\/p>\n<p>Izdevums tapis sadarb\u012bb\u0101 ar <em>upesoga.lv<\/em>.<\/p>","protected":false},"excerpt":{"rendered":"<p>S\u0113rija &#8220;Ar karti dab\u0101&#8221;<\/p>\n<p>Apraksti un sh\u0113mas 13 upju mar\u0161rutiem<\/p>\n<p>Karte uz \u012bpa\u0161i iztur\u012bga materi\u0101la!<\/p>\n<p>2018. gada izdevums<br \/>\nM\u0113rogs 1: 500 000<br \/>\nM\u0113rogs mar\u0161rutu kart\u0113m 1: 100\u00a0000 \u2013 1: 150 000<br \/>\nIzm\u0113rs 97 x 65 cm\/ 12,1 x 21,7 cm loc\u012bta<\/p>\n<p>EAN: 9789984077444<\/p>\n","protected":false},"featured_media":7229,"comment_status":"closed","ping_status":"closed","template":"","meta":[],"product_brand":[],"product_cat":[7,10],"product_tag":[],"class_list":{"0":"post-7227","1":"product","2":"type-product","3":"status-publish","4":"has-post-thumbnail","6":"product_cat-kartes-atlanti-celvezi","7":"product_cat-celu-kartes-atlanti","9":"first","10":"instock","11":"taxable","12":"shipping-taxable","13":"purchasable","14":"product-type-simple"},"_links":{"self":[{"href":"https:\/\/www.kartes.lv\/lv\/wp-json\/wp\/v2\/product\/7227","targetHints":{"allow":["GET"]}}],"collection":[{"href":"https:\/\/www.kartes.lv\/lv\/wp-json\/wp\/v2\/product"}],"about":[{"href":"https:\/\/www.kartes.lv\/lv\/wp-json\/wp\/v2\/types\/product"}],"replies":[{"embeddable":true,"href":"https:\/\/www.kartes.lv\/lv\/wp-json\/wp\/v2\/comments?post=7227"}],"wp:featuredmedia":[{"embeddable":true,"href":"https:\/\/www.kartes.lv\/lv\/wp-json\/wp\/v2\/media\/7229"}],"wp:attachment":[{"href":"https:\/\/www.kartes.lv\/lv\/wp-json\/wp\/v2\/media?parent=7227"}],"wp:term":[{"taxonomy":"product_brand","embeddable":true,"href":"https:\/\/www.kartes.lv\/lv\/wp-json\/wp\/v2\/product_brand?post=7227"},{"taxonomy":"product_cat","embeddable":true,"href":"https:\/\/www.kartes.lv\/lv\/wp-json\/wp\/v2\/product_cat?post=7227"},{"taxonomy":"product_tag","embeddable":true,"href":"https:\/\/www.kartes.lv\/lv\/wp-json\/wp\/v2\/product_tag?post=7227"}],"curies":[{"name":"wp","href":"https:\/\/api.w.org\/{rel}","templated":true}]}}