{"id":7239,"date":"2018-06-15T14:21:44","date_gmt":"2018-06-15T11:21:44","guid":{"rendered":"https:\/\/www.kartes.lv\/?post_type=product&#038;p=7239"},"modified":"2026-04-01T16:37:33","modified_gmt":"2026-04-01T13:37:33","slug":"velomarsruti-turisma-karte","status":"publish","type":"product","link":"https:\/\/www.kartes.lv\/lv\/product\/velomarsruti-turisma-karte\/","title":{"rendered":"Velomar\u0161ruti. Latvija. Akt\u012bv\u0101 t\u016brisma karte."},"content":{"rendered":"<p>Pirm\u0101 akt\u012bv\u0101 t\u016brisma karte Latvij\u0101, kas izdota uz \u012bpa\u0161i iztur\u012bga sint\u0113tisk\u0101s \u0161\u0137iedras materi\u0101la Tyvek\u00ae. Tas ir \u016bdensiztur\u012bgs, nebal\u0113 saul\u0113 un nav sapl\u0113\u0161ams, t\u0101p\u0113c nodro\u0161in\u0101s kartes lieto\u0161anas ilgm\u016b\u017e\u012bbu.<\/p>\n<p>Akt\u012bv\u0101 t\u016brisma karte <strong>\u201cVelomar\u0161ruti\u201d<\/strong> aicina iepaz\u012bt Latviju ar dabai draudz\u012bg\u0101ko transporta l\u012bdzekli \u2013 velosip\u0113du. Lai izv\u0113l\u0113tos sev piem\u0113rot\u0101ko mar\u0161rutu, iepaz\u012bstieties ar katru mar\u0161rutu raksturojo\u0161o inform\u0101ciju: mar\u0161ruta garumu, segumu un s\u0101kuma punkta koordin\u0101t\u0101m. \u0145emot v\u0113r\u0101 mar\u0161rutu dabas, ainavas un kult\u016brv\u0113sturisk\u0101s v\u0113rt\u012bbas, infrastrukt\u016bras kvalit\u0101ti un pieejam\u012bbu, izdevuma autori ir izv\u0113l\u0113ju\u0161ies 12 interesant\u0101kos velomar\u0161rutus. Par tiem sniegta pla\u0161\u0101ka inform\u0101cija, kas papildin\u0101ta ar det\u0101lu katra mar\u0161ruta karti. Liela da\u013ca velomar\u0161rutu ved pa koplieto\u0161anas ce\u013ciem, t\u0101p\u0113c, dodoties piedz\u012bvojum\u0101 ar velosip\u0113du, esiet uzman\u012bgi un iev\u0113rojiet ce\u013cu satiksmes noteikumus! P\u0101rliecinieties, vai esat labi paman\u0101ms citiem satiksmes dal\u012bbniekiem un atcerieties par aizsarg\u0137iveri!<\/p>","protected":false},"excerpt":{"rendered":"<p>S\u0113rija &#8220;Ar karti dab\u0101&#8221;<\/p>\n<p>Apraksti un sh\u0113mas 12 velomar\u0161rutiem<\/p>\n<p>Karte uz \u012bpa\u0161i iztur\u012bga materi\u0101la!<\/p>\n<p>2018. gada izdevums<br \/>\nM\u0113rogs 1: 500 000<br \/>\nM\u0113rogs mar\u0161rutu kart\u0113m 1: 20\u00a0000 \u2013 1: 100 000<br \/>\nIzm\u0113rs 97 x 65 cm\/ 12,1 x 21,7 cm loc\u012bta<\/p>\n<p>EAN: 9789984077451<\/p>\n","protected":false},"featured_media":7241,"comment_status":"closed","ping_status":"closed","template":"","meta":[],"product_brand":[],"product_cat":[7,10,132],"product_tag":[],"class_list":{"0":"post-7239","1":"product","2":"type-product","3":"status-publish","4":"has-post-thumbnail","6":"product_cat-kartes-atlanti-celvezi","7":"product_cat-celu-kartes-atlanti","8":"product_cat-pedejie-eksemplari","10":"first","11":"instock","12":"taxable","13":"shipping-taxable","14":"purchasable","15":"product-type-simple"},"_links":{"self":[{"href":"https:\/\/www.kartes.lv\/lv\/wp-json\/wp\/v2\/product\/7239","targetHints":{"allow":["GET"]}}],"collection":[{"href":"https:\/\/www.kartes.lv\/lv\/wp-json\/wp\/v2\/product"}],"about":[{"href":"https:\/\/www.kartes.lv\/lv\/wp-json\/wp\/v2\/types\/product"}],"replies":[{"embeddable":true,"href":"https:\/\/www.kartes.lv\/lv\/wp-json\/wp\/v2\/comments?post=7239"}],"wp:featuredmedia":[{"embeddable":true,"href":"https:\/\/www.kartes.lv\/lv\/wp-json\/wp\/v2\/media\/7241"}],"wp:attachment":[{"href":"https:\/\/www.kartes.lv\/lv\/wp-json\/wp\/v2\/media?parent=7239"}],"wp:term":[{"taxonomy":"product_brand","embeddable":true,"href":"https:\/\/www.kartes.lv\/lv\/wp-json\/wp\/v2\/product_brand?post=7239"},{"taxonomy":"product_cat","embeddable":true,"href":"https:\/\/www.kartes.lv\/lv\/wp-json\/wp\/v2\/product_cat?post=7239"},{"taxonomy":"product_tag","embeddable":true,"href":"https:\/\/www.kartes.lv\/lv\/wp-json\/wp\/v2\/product_tag?post=7239"}],"curies":[{"name":"wp","href":"https:\/\/api.w.org\/{rel}","templated":true}]}}