{"id":7427,"date":"2018-08-02T15:43:55","date_gmt":"2018-08-02T12:43:55","guid":{"rendered":"https:\/\/www.kartes.lv\/?post_type=product&#038;p=7427"},"modified":"2025-10-19T06:40:26","modified_gmt":"2025-10-19T03:40:26","slug":"latvijas-gerboni-plakats","status":"publish","type":"product","link":"https:\/\/www.kartes.lv\/lv\/product\/latvijas-gerboni-plakats\/","title":{"rendered":"Latvijas \u0123erbo\u0146i. Plak\u0101ts"},"content":{"rendered":"<p>Plak\u0101ts velt\u012bts Latvijas administrat\u012bvo vien\u012bbu \u0123erbo\u0146iem, taj\u0101 ir att\u0113loti 81 pils\u0113tas un 35 novadu \u0123erbo\u0146i, kurus papildina ar\u012b v\u0113sturisko novadu \u0123erbo\u0146i un Latvijas Republikas \u0123erbonis.<\/p>\n<p>Latvijas administrat\u012bvo vien\u012bbu \u0123erbo\u0146u pie\u0161\u0137ir\u0161anai ir senas trad\u012bcijas. Daudzu Latvijas pils\u0113tu \u0123erbo\u0146i apstiprin\u0101ti jau pirm\u0101s Latvijas br\u012bvvalsts laik\u0101. Latvijas pagastu \u0123erbo\u0146i s\u0101ka ieviesties aprit\u0113 p\u0113c 1990. gada administrat\u012bv\u0101s reformas.<\/p>\n<p>Novadu \u0123erbo\u0146u att\u0113lus papildina inform\u0101cija par katra novada plat\u012bbu un iedz\u012bvot\u0101ju skaitu 2024. gad\u0101, savuk\u0101rt pils\u0113t\u0101m nor\u0101d\u012bts pils\u0113tas ties\u012bbu ieg\u016b\u0161anas gads un iedz\u012bvot\u0101ju skaits.<\/p>\n<p><!--StartFragment --><\/p>\n<p class=\"pf0\"><em><span class=\"cf0\">Ja v\u0113laties \u0161o karti cit\u0101 izm\u0113r\u0101 vai uz cita veida materi\u0101la (abpus\u0113ji lamin\u0113tu, uzdruk\u0101tu uz plastik\u0101ta, ier\u0101m\u0113tu), papildu inform\u0101cijai l\u016bdzam zvan\u012bt pa t\u0101lruni\u00a0<\/span><strong><span class=\"cf1\">67317540<\/span><\/strong><span class=\"cf0\"><strong>\u00a0<\/strong>vai rakst\u012bt uz e-pastu:\u00a0<\/span><strong><span class=\"cf1\">kartes@kartes.lv<\/span><\/strong><span class=\"cf0\">.<\/span><\/em><\/p>\n<p><!--EndFragment --><\/p>","protected":false},"excerpt":{"rendered":"<p>Izdrukas izm\u0113rs 93 x 70 cm<\/p>\n<p>2025. gada izdevums<\/p>\n<p>Materi\u0101ls: pap\u012brs<\/p>\n<p><strong>Pieejama p\u0113c pas\u016bt\u012bjuma<\/strong>, izgatavojam 2-3 darba dienu laik\u0101.<\/p>\n","protected":false},"featured_media":20546,"comment_status":"closed","ping_status":"closed","template":"","meta":[],"product_brand":[],"product_cat":[13],"product_tag":[],"class_list":{"0":"post-7427","1":"product","2":"type-product","3":"status-publish","4":"has-post-thumbnail","6":"product_cat-sienas-kartes","8":"first","9":"instock","10":"taxable","11":"shipping-taxable","12":"purchasable","13":"product-type-simple"},"_links":{"self":[{"href":"https:\/\/www.kartes.lv\/lv\/wp-json\/wp\/v2\/product\/7427","targetHints":{"allow":["GET"]}}],"collection":[{"href":"https:\/\/www.kartes.lv\/lv\/wp-json\/wp\/v2\/product"}],"about":[{"href":"https:\/\/www.kartes.lv\/lv\/wp-json\/wp\/v2\/types\/product"}],"replies":[{"embeddable":true,"href":"https:\/\/www.kartes.lv\/lv\/wp-json\/wp\/v2\/comments?post=7427"}],"wp:featuredmedia":[{"embeddable":true,"href":"https:\/\/www.kartes.lv\/lv\/wp-json\/wp\/v2\/media\/20546"}],"wp:attachment":[{"href":"https:\/\/www.kartes.lv\/lv\/wp-json\/wp\/v2\/media?parent=7427"}],"wp:term":[{"taxonomy":"product_brand","embeddable":true,"href":"https:\/\/www.kartes.lv\/lv\/wp-json\/wp\/v2\/product_brand?post=7427"},{"taxonomy":"product_cat","embeddable":true,"href":"https:\/\/www.kartes.lv\/lv\/wp-json\/wp\/v2\/product_cat?post=7427"},{"taxonomy":"product_tag","embeddable":true,"href":"https:\/\/www.kartes.lv\/lv\/wp-json\/wp\/v2\/product_tag?post=7427"}],"curies":[{"name":"wp","href":"https:\/\/api.w.org\/{rel}","templated":true}]}}