{"id":7671,"date":"2018-08-22T13:46:31","date_gmt":"2018-08-22T10:46:31","guid":{"rendered":"https:\/\/www.kartes.lv\/?post_type=product&#038;p=7671"},"modified":"2025-07-31T16:27:15","modified_gmt":"2025-07-31T13:27:15","slug":"vilna-ipasi-izturiga-karte","status":"publish","type":"product","link":"https:\/\/www.kartes.lv\/lv\/product\/vilna-ipasi-izturiga-karte\/","title":{"rendered":"Vi\u013c\u0146a. Pils\u0113tas pl\u0101ns. \u012apa\u0161i iztur\u012bga karte!"},"content":{"rendered":"<p>\u0160aj\u0101 Vi\u013c\u0146as kart\u0113 sniegta inform\u0101cija lietuvie\u0161u, ang\u013cu, krievu\u00a0 un po\u013cu valod\u0101. Iek\u013cauta sabiedrisk\u0101 transporta sh\u0113ma un ielu nosaukumu r\u0101d\u012bt\u0101js.<\/p>","protected":false},"excerpt":{"rendered":"<p>2018. gada izdevums<br \/>\nLamin\u0113ta, \u012bpa\u0161i iztur\u012bga<br \/>\nM\u0113rogs 1:25 000 \/ centrs 1:10 000<br \/>\nIzm\u0113rs 68 x 50 cm \/ saloc\u012bta 11 x 23,7 cm<\/p>\n<p>EAN: 9789984075983<\/p>\n","protected":false},"featured_media":7681,"comment_status":"closed","ping_status":"closed","template":"","meta":[],"product_brand":[],"product_cat":[7,11,8],"product_tag":[],"class_list":{"0":"post-7671","1":"product","2":"type-product","3":"status-publish","4":"has-post-thumbnail","6":"product_cat-kartes-atlanti-celvezi","7":"product_cat-baltijas-kartes","8":"product_cat-pilsetu-kartes","10":"first","11":"instock","12":"taxable","13":"shipping-taxable","14":"purchasable","15":"product-type-simple"},"_links":{"self":[{"href":"https:\/\/www.kartes.lv\/lv\/wp-json\/wp\/v2\/product\/7671","targetHints":{"allow":["GET"]}}],"collection":[{"href":"https:\/\/www.kartes.lv\/lv\/wp-json\/wp\/v2\/product"}],"about":[{"href":"https:\/\/www.kartes.lv\/lv\/wp-json\/wp\/v2\/types\/product"}],"replies":[{"embeddable":true,"href":"https:\/\/www.kartes.lv\/lv\/wp-json\/wp\/v2\/comments?post=7671"}],"wp:featuredmedia":[{"embeddable":true,"href":"https:\/\/www.kartes.lv\/lv\/wp-json\/wp\/v2\/media\/7681"}],"wp:attachment":[{"href":"https:\/\/www.kartes.lv\/lv\/wp-json\/wp\/v2\/media?parent=7671"}],"wp:term":[{"taxonomy":"product_brand","embeddable":true,"href":"https:\/\/www.kartes.lv\/lv\/wp-json\/wp\/v2\/product_brand?post=7671"},{"taxonomy":"product_cat","embeddable":true,"href":"https:\/\/www.kartes.lv\/lv\/wp-json\/wp\/v2\/product_cat?post=7671"},{"taxonomy":"product_tag","embeddable":true,"href":"https:\/\/www.kartes.lv\/lv\/wp-json\/wp\/v2\/product_tag?post=7671"}],"curies":[{"name":"wp","href":"https:\/\/api.w.org\/{rel}","templated":true}]}}