{"id":78,"date":"2016-08-25T09:55:52","date_gmt":"2016-08-25T07:55:52","guid":{"rendered":"http:\/\/wp4.kartes.lv\/?post_type=product&#038;p=78"},"modified":"2025-08-26T19:03:31","modified_gmt":"2025-08-26T16:03:31","slug":"latvijas-karte-garmin-navigacijai","status":"publish","type":"product","link":"https:\/\/www.kartes.lv\/lv\/product\/latvijas-karte-garmin-navigacijai\/","title":{"rendered":"Latvijas karte Garmin navig\u0101cijai"},"content":{"rendered":"<p><\/p>\n<h3>Izmantojot \u0161os datus, ir iesp\u0113jama:<\/h3>\n<ul>\n<li>objekta mekl\u0113\u0161ana p\u0113c nosaukuma, adreses vai vietas;<\/li>\n<li>mar\u0161ruta pl\u0101no\u0161ana uz izv\u0113l\u0113to objektu, sekojot nor\u0101d\u0113m navig\u0101cijas ier\u012bc\u0113;<\/li>\n<li>intere\u0161u punktu mekl\u0113\u0161ana (\u0113din\u0101\u0161ana, naktsm\u012btnes, iepirk\u0161an\u0101s vietas, izklaide, t\u016brisma un apskates objekti, degvielas uzpildes stacijas un cita noder\u012bga inform\u0101cija);<\/li>\n<li>augsta kartes detaliz\u0101cija vis\u0101 Latvij\u0101 m\u0113rog\u0101 1:100 000 laukos (l\u012bdz pat viens\u0113t\u0101m), m\u0113rog\u0101 1:10 000 pils\u0113t\u0101s;<\/li>\n<li>detaliz\u0113ta hidrogr\u0101fisk\u0101 t\u012bkla att\u0113lo\u0161ana ar \u016bdenstec\u0113m, \u016bdenstilp\u0113m, k\u0101 ar\u012b upju un ezeru nosaukumiem.<br \/>\nLiel\u0101kajiem ezeriem ir dotas dzi\u013cuma atz\u012bmes.<\/li>\n<\/ul>\n<h3>Karte ir izmantojama vis\u0101s Garmin navig\u0101cijas ier\u012bc\u0113s, kur\u0101m ir microSD\u2122 atmi\u0146as kar\u0161u atbalsts::<\/h3>\n<ul>\n<li>N\u00fcvi (visas s\u0113rijas)<\/li>\n<li>Drive (visas s\u0113rijas)<\/li>\n<li>z\u00fcmo 210, 220, 400, 5\u00d7\u00d7, 660<\/li>\n<li>Colorado 300<\/li>\n<li>Dakota 20<\/li>\n<li>Edge 605, 705, 800, 810, 1030<\/li>\n<li>eTrex 20, 30<\/li>\n<li>GPS MAP 60s, 62s, 62st, 78s, 62sc, 62stc, 76Cx, 76CSx, 78s<\/li>\n<li>Montana 500, 600, 650, 650t, 700<\/li>\n<li>Oregon 200, 300, 400, 450, 450t, 455, 550, 550t, 600, 600t, 650, 650t, 700, 750, 750t<\/li>\n<li>Monterra<\/li>\n<li>Astro 220, 320<\/li>\n<li>Alpha 50, 100<\/li>\n<li>Citi Garmin ier\u012b\u010du mode\u013ci<\/li>\n<\/ul>\n<hr \/>\n<p><a href=\"https:\/\/www.kartes.lv\/lv\/product\/atjauninajums-latvijas-kartei-garmin-navigacijai\/\">Garmin kartes atjaunin\u0101jumi ir pieejami veikala sada\u013c\u0101<\/a><\/p>","protected":false},"excerpt":{"rendered":"<p><strong>Kart\u0113 iek\u013cauta jaun\u0101k\u0101 inform\u0101cija no J\u0101\u0146a s\u0113tas datub\u0101z\u0113m:<\/strong><\/p>\n<ul>\n<li>vair\u0101k nek\u0101 130 000 km ce\u013cu un ielu,<\/li>\n<li>visu Latvijas pils\u0113tu un liel\u0101ko ciemu pl\u0101ni,<\/li>\n<li>vair\u0101k nek\u0101 275 000 numur\u0113tu adre\u0161u,<\/li>\n<li>10 000 apdz\u012bvoto vietu un 220 000 viens\u0113tu,<\/li>\n<li>administrat\u012bvais iedal\u012bjums,<\/li>\n<li>zemes lietojums (me\u017ei, purvi, \u016bdenstilpes, apb\u016bve, mazd\u0101rzi\u0146i, parki),<\/li>\n<li>hidrogr\u0101fiskais t\u012bkls (vair\u0101k nek\u0101 110 000 km upju un 6200 hidron\u012bmu),<\/li>\n<li>ezeru dzi\u013cumu l\u012bnijas,<\/li>\n<li>reljefs,<\/li>\n<li>visas \u012bpa\u0161i aizsarg\u0101jam\u0101s dabas teritorijas,<\/li>\n<li>t\u016brisma apskates objekti,<\/li>\n<li>intere\u0161u punkti.<\/li>\n<\/ul>\n","protected":false},"featured_media":20750,"comment_status":"closed","ping_status":"closed","template":"","meta":[],"product_brand":[],"product_cat":[16,86],"product_tag":[],"class_list":{"0":"post-78","1":"product","2":"type-product","3":"status-publish","4":"has-post-thumbnail","6":"product_cat-it-produkti","7":"product_cat-davanas","9":"first","10":"instock","11":"taxable","12":"shipping-taxable","13":"purchasable","14":"product-type-simple"},"_links":{"self":[{"href":"https:\/\/www.kartes.lv\/lv\/wp-json\/wp\/v2\/product\/78","targetHints":{"allow":["GET"]}}],"collection":[{"href":"https:\/\/www.kartes.lv\/lv\/wp-json\/wp\/v2\/product"}],"about":[{"href":"https:\/\/www.kartes.lv\/lv\/wp-json\/wp\/v2\/types\/product"}],"replies":[{"embeddable":true,"href":"https:\/\/www.kartes.lv\/lv\/wp-json\/wp\/v2\/comments?post=78"}],"wp:featuredmedia":[{"embeddable":true,"href":"https:\/\/www.kartes.lv\/lv\/wp-json\/wp\/v2\/media\/20750"}],"wp:attachment":[{"href":"https:\/\/www.kartes.lv\/lv\/wp-json\/wp\/v2\/media?parent=78"}],"wp:term":[{"taxonomy":"product_brand","embeddable":true,"href":"https:\/\/www.kartes.lv\/lv\/wp-json\/wp\/v2\/product_brand?post=78"},{"taxonomy":"product_cat","embeddable":true,"href":"https:\/\/www.kartes.lv\/lv\/wp-json\/wp\/v2\/product_cat?post=78"},{"taxonomy":"product_tag","embeddable":true,"href":"https:\/\/www.kartes.lv\/lv\/wp-json\/wp\/v2\/product_tag?post=78"}],"curies":[{"name":"wp","href":"https:\/\/api.w.org\/{rel}","templated":true}]}}