{"id":9178,"date":"2019-08-29T16:37:52","date_gmt":"2019-08-29T13:37:52","guid":{"rendered":"https:\/\/www.kartes.lv\/product\/komplekts-konturkartes-un-jaunais-pasaules-geografijas-atlants\/"},"modified":"2026-03-02T10:16:25","modified_gmt":"2026-03-02T08:16:25","slug":"konturkarsu-albums-jaunais-pasaules-geografijas-atlants","status":"publish","type":"product","link":"https:\/\/www.kartes.lv\/lv\/product\/konturkarsu-albums-jaunais-pasaules-geografijas-atlants\/","title":{"rendered":"Komplekts. Kont\u016brkartes un Jaunais pasaules \u0123eogr\u0101fijas atlants"},"content":{"rendered":"<p>Komplekt\u0101 ietilpst Kont\u016brkar\u0161u albums un Latvijas \u0123eogr\u0101fijas atlants.<\/p>\n<p><strong>Kont\u016brkar\u0161u albums skol\u0101m<\/strong><\/p>\n<p>Album\u0101 ietvertas 35 kont\u016brkartes, kuras, pateicoties iestr\u0101d\u0101tajai perfor\u0101cijai, var izmantot ar\u012b atsevi\u0161\u0137i. Kont\u016brkartes ir divkr\u0101su, kas \u013cauj uzskat\u0101m\u0101k par\u0101d\u012bt reljefu un citu inform\u0101ciju.<\/p>\n<p><strong>Jaunais pasaules \u0123eogr\u0101fijas atlants<\/strong><\/p>\n<p>Sal\u012bdzin\u0101jum\u0101 ar iepriek\u0161\u0113jo izdevumu atlanta kart\u0113s par\u0101d\u012btas gan Latvijas jaun\u0101s pils\u0113tas, gan b\u0113g\u013cu pl\u016bsmas, ko izrais\u012bjis Krievijas iebrukums Ukrain\u0101, k\u0101 ar\u012b liels skaits citu liel\u0101ku un maz\u0101ku izmai\u0146u. Papildin\u0101taj\u0101 izdevum\u0101 atjaunotas iedz\u012bvot\u0101ju bl\u012bvuma un nacion\u0101l\u0101 sast\u0101va kartes, k\u0101 ar\u012b transporta kart\u0113 ielikts Rail Baltica.<\/p>\n<p>Izdevum\u0101 ietvert\u0101s vair\u0101k nek\u0101 200 kartes un att\u0113lus papildina pla\u0161a uzzi\u0146u sada\u013ca ar valstu un teritoriju karogiem un nosaukumu r\u0101d\u012bt\u0101js ar vair\u0101k nek\u0101 12 000 vietv\u0101rdu. Izdevum\u0101 ir atsevi\u0161\u0137a sada\u013ca par Latviju.<\/p>\n<p>Jaunais pasaules \u0123eogr\u0101fijas atlants piln\u012bb\u0101 ir Latvijas kartogr\u0101fu ori\u0123in\u0101ldarbs. Tas ir univers\u0101ls izdevums, kas der\u0113s gan vispras\u012bg\u0101kajiem kar\u0161u lietot\u0101jiem, gan skol\u0113niem, jo atlanta saturs piln\u012bb\u0101 atbilst jaunajam izgl\u012bt\u012bbas standartam un \u0123eogr\u0101fijas apguves programmai.<\/p>\n<p>&nbsp;<\/p>","protected":false},"excerpt":{"rendered":"<p><strong>Kont\u016brkartes<\/strong><\/p>\n<p>2023. gada izdevums<br \/>\nIzm\u0113rs: 29.3 cm x 21 cm<br \/>\n32 izpl\u0113\u0161amas lapas<br \/>\nM\u012bkstie v\u0101ki<\/p>\n<p><strong>Jaunais pasaules \u0123eogr\u0101fijas atlants<\/strong><\/p>\n<p>2025. gada izdevums<br \/>\nIzm\u0113rs: 31.2 cm x 22 cm<br \/>\n168 lpp.<br \/>\nM\u012bkstie v\u0101ki<\/p>\n","protected":false},"featured_media":18976,"comment_status":"closed","ping_status":"closed","template":"","meta":[],"product_brand":[],"product_cat":[113],"product_tag":[],"class_list":{"0":"post-9178","1":"product","2":"type-product","3":"status-publish","4":"has-post-thumbnail","6":"product_cat-skoleniem","8":"first","9":"instock","10":"taxable","11":"shipping-taxable","12":"purchasable","13":"product-type-simple"},"_links":{"self":[{"href":"https:\/\/www.kartes.lv\/lv\/wp-json\/wp\/v2\/product\/9178","targetHints":{"allow":["GET"]}}],"collection":[{"href":"https:\/\/www.kartes.lv\/lv\/wp-json\/wp\/v2\/product"}],"about":[{"href":"https:\/\/www.kartes.lv\/lv\/wp-json\/wp\/v2\/types\/product"}],"replies":[{"embeddable":true,"href":"https:\/\/www.kartes.lv\/lv\/wp-json\/wp\/v2\/comments?post=9178"}],"wp:featuredmedia":[{"embeddable":true,"href":"https:\/\/www.kartes.lv\/lv\/wp-json\/wp\/v2\/media\/18976"}],"wp:attachment":[{"href":"https:\/\/www.kartes.lv\/lv\/wp-json\/wp\/v2\/media?parent=9178"}],"wp:term":[{"taxonomy":"product_brand","embeddable":true,"href":"https:\/\/www.kartes.lv\/lv\/wp-json\/wp\/v2\/product_brand?post=9178"},{"taxonomy":"product_cat","embeddable":true,"href":"https:\/\/www.kartes.lv\/lv\/wp-json\/wp\/v2\/product_cat?post=9178"},{"taxonomy":"product_tag","embeddable":true,"href":"https:\/\/www.kartes.lv\/lv\/wp-json\/wp\/v2\/product_tag?post=9178"}],"curies":[{"name":"wp","href":"https:\/\/api.w.org\/{rel}","templated":true}]}}