{"id":9271,"date":"2019-10-23T14:54:59","date_gmt":"2019-10-23T11:54:59","guid":{"rendered":"https:\/\/www.kartes.lv\/?post_type=product&#038;p=9271"},"modified":"2026-02-27T12:27:37","modified_gmt":"2026-02-27T10:27:37","slug":"kasamplakats-pasaules-valstis","status":"publish","type":"product","link":"https:\/\/www.kartes.lv\/lv\/product\/kasamplakats-pasaules-valstis\/","title":{"rendered":"Kas\u0101mplak\u0101ts &#8220;Pasaules valstis&#8221;"},"content":{"rendered":"<p>Lai iepaz\u012btu pasauli un main\u012btu savu skat\u012bjumu, paskaties uz pasaules valst\u012bm cit\u0101d\u0101k\u0101 veid\u0101!<\/p>\n<p>Kas\u0101mplak\u0101t\u0101 \u201cPasaules valstis\u201d ietvertas 200 valstis, att\u0113lojot t\u0101s dilsto\u0161\u0101 sec\u012bb\u0101 p\u0113c plat\u012bbas \u2013 no liel\u0101k\u0101s uz maz\u0101ko. Pie katras valsts nor\u0101d\u012bts t\u0101s nosaukums ori\u0123in\u0101lvalod\u0101 un ang\u013cu valod\u0101, k\u0101 ar\u012b teritorijas lielums.<\/p>\n<p>Kuras valstis esi apmekl\u0113jis?\u00a0Cik lielas ir kaimi\u0146valstis? Kura ir maz\u0101k\u0101 valsts, kur\u0101 esi bijis? Nokasot sudraba kr\u0101sas sl\u0101ni, atkl\u0101si apmekl\u0113t\u0101s valstis. Tagad viegli un uzskat\u0101mi var\u0113si sal\u012bdzin\u0101t valstis p\u0113c to lieluma.<\/p>\n<p>Tu vari uzzin\u0101t k\u0101du jaunu faktu par valst\u012bm un nokas\u012bt sudraba kr\u0101sas sl\u0101ni, piem\u0113ram, no maz\u0101k\u0101s valsts l\u012bdz pat liel\u0101kajai. Vari organiz\u0113t valstu iepaz\u012b\u0161anu, nokasot sudraba kr\u0101sas sl\u0101ni tikai t\u0101m valst\u012bm, kuras esi apmekl\u0113jis. T\u0101 tu var\u0113si veidot personaliz\u0113tu kas\u0101mplak\u0101tu, jo valstu kr\u0101sas at\u0161\u0137iras.<\/p>\n<p>Kas\u0101mplak\u0101ts ir iepakots \u012bpa\u0161a dizaina kartona tubus\u0101, ko var lieliski izmantot k\u0101 labu d\u0101vanu.<\/p>","protected":false},"excerpt":{"rendered":"<p>Valstu nosaukumi ori\u0123in\u0101lvalod\u0101s un ang\u013cu valod\u0101.<\/p>\n<p>Plak\u0101ta izm\u0113rs 90 x 63 cm<br \/>\nTubusa izm\u0113rs 68 cm x 7 cm (diametrs)<\/p>\n<p>EAN: 9789984077499<\/p>\n","protected":false},"featured_media":9272,"comment_status":"closed","ping_status":"closed","template":"","meta":[],"product_brand":[],"product_cat":[132],"product_tag":[],"class_list":{"0":"post-9271","1":"product","2":"type-product","3":"status-publish","4":"has-post-thumbnail","6":"product_cat-pedejie-eksemplari","7":"product_shipping_class-2000g-slug","9":"first","10":"instock","11":"sale","12":"taxable","13":"shipping-taxable","14":"purchasable","15":"product-type-simple"},"_links":{"self":[{"href":"https:\/\/www.kartes.lv\/lv\/wp-json\/wp\/v2\/product\/9271","targetHints":{"allow":["GET"]}}],"collection":[{"href":"https:\/\/www.kartes.lv\/lv\/wp-json\/wp\/v2\/product"}],"about":[{"href":"https:\/\/www.kartes.lv\/lv\/wp-json\/wp\/v2\/types\/product"}],"replies":[{"embeddable":true,"href":"https:\/\/www.kartes.lv\/lv\/wp-json\/wp\/v2\/comments?post=9271"}],"wp:featuredmedia":[{"embeddable":true,"href":"https:\/\/www.kartes.lv\/lv\/wp-json\/wp\/v2\/media\/9272"}],"wp:attachment":[{"href":"https:\/\/www.kartes.lv\/lv\/wp-json\/wp\/v2\/media?parent=9271"}],"wp:term":[{"taxonomy":"product_brand","embeddable":true,"href":"https:\/\/www.kartes.lv\/lv\/wp-json\/wp\/v2\/product_brand?post=9271"},{"taxonomy":"product_cat","embeddable":true,"href":"https:\/\/www.kartes.lv\/lv\/wp-json\/wp\/v2\/product_cat?post=9271"},{"taxonomy":"product_tag","embeddable":true,"href":"https:\/\/www.kartes.lv\/lv\/wp-json\/wp\/v2\/product_tag?post=9271"}],"curies":[{"name":"wp","href":"https:\/\/api.w.org\/{rel}","templated":true}]}}