{"id":9297,"date":"2019-12-11T10:36:57","date_gmt":"2019-12-11T08:36:57","guid":{"rendered":"https:\/\/www.kartes.lv\/?post_type=product&#038;p=9297"},"modified":"2025-06-05T10:14:05","modified_gmt":"2025-06-05T07:14:05","slug":"my-balticmaps-karte","status":"publish","type":"product","link":"https:\/\/www.kartes.lv\/lv\/product\/my-balticmaps-karte\/","title":{"rendered":"MyBalticMaps kartes pas\u016bt\u012b\u0161ana"},"content":{"rendered":"<p>Izveido un pas\u016bti personaliz\u0113tu MyBalticMaps kartes izdruku!<\/p>\n<p><a href=\"http:\/\/my.balticmaps.eu\">my.balticmaps.eu<\/a><\/p>\n<p><strong>Kartes pamatne:<\/strong><br \/>\nTradicion\u0101l\u0101 karte<br \/>\nAerofoto karte<\/p>\n<p><strong>Kartes m\u0113rogi:<\/strong><br \/>\n1:50 000<br \/>\n1:20 000<br \/>\n1:5 000<\/p>\n<p>Kartes izdrukas (pap\u012bra) izm\u0113rs 50 x 70 cm<br \/>\nKartes r\u0101mja izm\u0113rs 47,5 x 67,8 cm<br \/>\nTubusa izm\u0113rs 54,5 cm x 7 cm (diametrs)<\/p>\n<p>Karte tiek druk\u0101ta uz pap\u012bra<\/p>\n<p>Pils\u0113tas, ciema karte, detaliz\u0113ta karte pas\u0101kumu pl\u0101no\u0161anai, noteikta apvidus karte priv\u0101t\u012bpa\u0161uma, uz\u0146\u0113muma, med\u012bbu vai jebkuras citas teritorijas atz\u012bm\u0113\u0161anai. Personaliz\u0113to karti vari izmantot ar\u012b k\u0101 sienas plak\u0101tu, lai atg\u0101din\u0101tu par noz\u012bm\u012bg\u0101m viet\u0101m Baltij\u0101.<\/p>\n<p>MyBalticMaps pa\u0161apkalpo\u0161an\u0101s kar\u0161u p\u0101rl\u016bk\u0101 pieejamas divas kartes pamatnes \u2013 ce\u013cu karte un aerofoto karte. P\u0113c izv\u0113les iesp\u0113jams pievienot kartei ar\u012b nosaukumu. Tas b\u016bs novietots centr\u0101 kartes apak\u0161pus\u0113 \u0101rpus kartes skata.<\/p>\n<p>Izveidot personaliz\u0113tu karti un pas\u016bt\u012bt t\u0101s izdruku ir pavisam viegli \u2013 izv\u0113lies kartes pamatni un kartes m\u0113rogu, novieto uz kartes r\u0101mi vajadz\u012bgaj\u0101 viet\u0101, izveidojot personaliz\u0113tu karti, pas\u016bti kartes izdruku*!<\/p>\n<p>Karte iepakota kartona tubus\u0101 \u0113rtai uzglab\u0101\u0161anai un p\u0101rvieto\u0161anai. To var lieliski izmantot ar\u012b k\u0101 d\u0101vanu.<\/p>\n<p>*Dati m\u016bsu kart\u0113s tiek regul\u0101ri aktualiz\u0113ti, un aktu\u0101li labojumi atjaunoti ar\u012b MyBalticMaps kart\u0113s, t\u0101d\u0113\u013c kartes izdrukas saturs var nedaudz at\u0161\u0137irties.<\/p>\n<p>Produkta sagatavo\u0161an\u0101 izmantoti Latvijas \u0122eotelpisk\u0101s inform\u0101cijas a\u0123ent\u016bras dati (2013-2019).<\/p>\n<p>Karti nor\u0101d\u012btaj\u0101 izm\u0113r\u0101 iesp\u0113jams ieg\u0101d\u0101ties tikai k\u0101 izdruku uz pap\u012bra. Ja v\u0113laties \u0161o karti cit\u0101 izm\u0113r\u0101 vai uz cita veida materi\u0101la, papildu inform\u0101cijai l\u016bdzam zvan\u012bt pa t\u0101lruni 67317540 vai rakst\u012bt uz kartes@kartes.lv!<\/p>","protected":false},"excerpt":{"rendered":"<p>Izveido un pas\u016bti personaliz\u0113tu MyBalticMaps kartes izdruku!<\/p>\n<p><a href=\"http:\/\/my.balticmaps.eu\/\">my.balticmaps.eu<\/a><\/p>\n","protected":false},"featured_media":9381,"comment_status":"closed","ping_status":"closed","template":"","meta":[],"product_brand":[],"product_cat":[13],"product_tag":[],"class_list":{"0":"post-9297","1":"product","2":"type-product","3":"status-publish","4":"has-post-thumbnail","6":"product_cat-sienas-kartes","7":"product_shipping_class-free-shipping","9":"first","10":"instock","11":"taxable","12":"shipping-taxable","13":"purchasable","14":"product-type-simple"},"_links":{"self":[{"href":"https:\/\/www.kartes.lv\/lv\/wp-json\/wp\/v2\/product\/9297","targetHints":{"allow":["GET"]}}],"collection":[{"href":"https:\/\/www.kartes.lv\/lv\/wp-json\/wp\/v2\/product"}],"about":[{"href":"https:\/\/www.kartes.lv\/lv\/wp-json\/wp\/v2\/types\/product"}],"replies":[{"embeddable":true,"href":"https:\/\/www.kartes.lv\/lv\/wp-json\/wp\/v2\/comments?post=9297"}],"wp:featuredmedia":[{"embeddable":true,"href":"https:\/\/www.kartes.lv\/lv\/wp-json\/wp\/v2\/media\/9381"}],"wp:attachment":[{"href":"https:\/\/www.kartes.lv\/lv\/wp-json\/wp\/v2\/media?parent=9297"}],"wp:term":[{"taxonomy":"product_brand","embeddable":true,"href":"https:\/\/www.kartes.lv\/lv\/wp-json\/wp\/v2\/product_brand?post=9297"},{"taxonomy":"product_cat","embeddable":true,"href":"https:\/\/www.kartes.lv\/lv\/wp-json\/wp\/v2\/product_cat?post=9297"},{"taxonomy":"product_tag","embeddable":true,"href":"https:\/\/www.kartes.lv\/lv\/wp-json\/wp\/v2\/product_tag?post=9297"}],"curies":[{"name":"wp","href":"https:\/\/api.w.org\/{rel}","templated":true}]}}