{"id":9305,"date":"2019-11-07T15:34:51","date_gmt":"2019-11-07T13:34:51","guid":{"rendered":"https:\/\/www.kartes.lv\/product\/globuss-elite-30-cm\/"},"modified":"2026-04-15T12:41:10","modified_gmt":"2026-04-15T09:41:10","slug":"globuss-elite-30-cm-latviesu-valoda","status":"publish","type":"product","link":"https:\/\/www.kartes.lv\/lv\/product\/globuss-elite-30-cm-latviesu-valoda\/","title":{"rendered":"Globuss Elite 30 cm (latvie\u0161u valod\u0101)"},"content":{"rendered":"<p>Globuss latvie\u0161u valod\u0101 ar fizio\u0123eogr\u0101fisko karti, kuru izgaismojot, var ieraudz\u012bt politisko pasaules karti.<\/p>\n<p>Izgaismo\u0161anai tiek izmantota halog\u0113na spuldze 18W.<\/p>\n<p>&nbsp;<\/p>","protected":false},"excerpt":{"rendered":"<p><strong>Latvie\u0161u valod\u0101<\/strong><\/p>\n<p>Plastik\u0101ta pamatne un meridi\u0101ns<br \/>\nDiametrs 30cm, augstums 42cm<br \/>\nKastes izm\u0113rs 30 x 30 x 31cm<br \/>\n18W halog\u0113na spuldze<br \/>\nRa\u017eot\u0101js: Nova Rico<\/p>\n<p>EAN: 8000623000090<\/p>\n","protected":false},"featured_media":9306,"comment_status":"closed","ping_status":"closed","template":"","meta":[],"product_brand":[],"product_cat":[113,32,86],"product_tag":[],"class_list":{"0":"post-9305","1":"product","2":"type-product","3":"status-publish","4":"has-post-thumbnail","6":"product_cat-skoleniem","7":"product_cat-globusi","8":"product_cat-davanas","10":"first","11":"instock","12":"taxable","13":"shipping-taxable","14":"purchasable","15":"product-type-simple"},"_links":{"self":[{"href":"https:\/\/www.kartes.lv\/lv\/wp-json\/wp\/v2\/product\/9305","targetHints":{"allow":["GET"]}}],"collection":[{"href":"https:\/\/www.kartes.lv\/lv\/wp-json\/wp\/v2\/product"}],"about":[{"href":"https:\/\/www.kartes.lv\/lv\/wp-json\/wp\/v2\/types\/product"}],"replies":[{"embeddable":true,"href":"https:\/\/www.kartes.lv\/lv\/wp-json\/wp\/v2\/comments?post=9305"}],"wp:featuredmedia":[{"embeddable":true,"href":"https:\/\/www.kartes.lv\/lv\/wp-json\/wp\/v2\/media\/9306"}],"wp:attachment":[{"href":"https:\/\/www.kartes.lv\/lv\/wp-json\/wp\/v2\/media?parent=9305"}],"wp:term":[{"taxonomy":"product_brand","embeddable":true,"href":"https:\/\/www.kartes.lv\/lv\/wp-json\/wp\/v2\/product_brand?post=9305"},{"taxonomy":"product_cat","embeddable":true,"href":"https:\/\/www.kartes.lv\/lv\/wp-json\/wp\/v2\/product_cat?post=9305"},{"taxonomy":"product_tag","embeddable":true,"href":"https:\/\/www.kartes.lv\/lv\/wp-json\/wp\/v2\/product_tag?post=9305"}],"curies":[{"name":"wp","href":"https:\/\/api.w.org\/{rel}","templated":true}]}}