{"id":94,"date":"2016-09-01T09:09:18","date_gmt":"2016-09-01T07:09:18","guid":{"rendered":"http:\/\/wp4.kartes.lv\/?post_type=product&#038;p=94"},"modified":"2025-08-05T09:06:08","modified_gmt":"2025-08-05T06:06:08","slug":"jaunais-pasaules-geografijas-atlants","status":"publish","type":"product","link":"https:\/\/www.kartes.lv\/lv\/product\/jaunais-pasaules-geografijas-atlants\/","title":{"rendered":"Jaunais pasaules \u0123eogr\u0101fijas atlants"},"content":{"rendered":"<p>Kop\u0161 iepriek\u0161\u0113j\u0101 izdevuma izn\u0101k\u0161anas Latvij\u0101 un citviet pasaul\u0113 ir notiku\u0161as b\u016btiskas p\u0101rmai\u0146as.<\/p>\n<p>Sal\u012bdzin\u0101jum\u0101 ar iepriek\u0161\u0113jo izdevumu atlanta kart\u0113s par\u0101d\u012btas gan Latvijas jaun\u0101s pils\u0113tas, gan b\u0113g\u013cu pl\u016bsmas, ko izrais\u012bjis Krievijas iebrukums Ukrain\u0101, k\u0101 ar\u012b liels skaits citu liel\u0101ku un maz\u0101ku izmai\u0146u. Papildin\u0101taj\u0101 izdevum\u0101 atjaunotas iedz\u012bvot\u0101ju bl\u012bvuma un nacion\u0101l\u0101 sast\u0101va kartes, k\u0101 ar\u012b transporta kart\u0113 ielikts Rail Baltica.<\/p>\n<p>Izdevum\u0101 ietvert\u0101s vair\u0101k nek\u0101 200 kartes un att\u0113lus papildina pla\u0161a uzzi\u0146u sada\u013ca ar valstu un teritoriju karogiem un nosaukumu r\u0101d\u012bt\u0101js ar vair\u0101k nek\u0101 12 000 vietv\u0101rdu.<\/p>\n<p><em>Jaunais pasaules \u0123eogr\u0101fijas atlants<\/em> piln\u012bb\u0101 ir Latvijas kartogr\u0101fu ori\u0123in\u0101ldarbs. Tas ir univers\u0101ls izdevums, kas der\u0113s gan vispras\u012bg\u0101kajiem kar\u0161u lietot\u0101jiem, gan skol\u0113niem, jo atlanta saturs piln\u012bb\u0101 atbilst jaunajam izgl\u012bt\u012bbas standartam un \u0123eogr\u0101fijas apguves programmai.<\/p>","protected":false},"excerpt":{"rendered":"<p>Piektais, atjaunotais izdevums.<\/p>\n<p>2023. gads<br \/>\nIzm\u0113rs: 31.2 cm x 22 cm<br \/>\nSvars: 0.650 g<br \/>\n168 lpp.<br \/>\nM\u012bkstie v\u0101ki<\/p>\n<p>EAN: 9789984075501<\/p>\n","protected":false},"featured_media":15524,"comment_status":"closed","ping_status":"closed","template":"","meta":[],"product_brand":[],"product_cat":[7,113,14],"product_tag":[],"class_list":{"0":"post-94","1":"product","2":"type-product","3":"status-publish","4":"has-post-thumbnail","6":"product_cat-kartes-atlanti-celvezi","7":"product_cat-skoleniem","8":"product_cat-izglitojosie-izdevumi","10":"first","11":"instock","12":"taxable","13":"shipping-taxable","14":"purchasable","15":"product-type-simple"},"_links":{"self":[{"href":"https:\/\/www.kartes.lv\/lv\/wp-json\/wp\/v2\/product\/94","targetHints":{"allow":["GET"]}}],"collection":[{"href":"https:\/\/www.kartes.lv\/lv\/wp-json\/wp\/v2\/product"}],"about":[{"href":"https:\/\/www.kartes.lv\/lv\/wp-json\/wp\/v2\/types\/product"}],"replies":[{"embeddable":true,"href":"https:\/\/www.kartes.lv\/lv\/wp-json\/wp\/v2\/comments?post=94"}],"wp:featuredmedia":[{"embeddable":true,"href":"https:\/\/www.kartes.lv\/lv\/wp-json\/wp\/v2\/media\/15524"}],"wp:attachment":[{"href":"https:\/\/www.kartes.lv\/lv\/wp-json\/wp\/v2\/media?parent=94"}],"wp:term":[{"taxonomy":"product_brand","embeddable":true,"href":"https:\/\/www.kartes.lv\/lv\/wp-json\/wp\/v2\/product_brand?post=94"},{"taxonomy":"product_cat","embeddable":true,"href":"https:\/\/www.kartes.lv\/lv\/wp-json\/wp\/v2\/product_cat?post=94"},{"taxonomy":"product_tag","embeddable":true,"href":"https:\/\/www.kartes.lv\/lv\/wp-json\/wp\/v2\/product_tag?post=94"}],"curies":[{"name":"wp","href":"https:\/\/api.w.org\/{rel}","templated":true}]}}