{"id":9556,"date":"2020-01-02T09:31:46","date_gmt":"2020-01-02T07:31:46","guid":{"rendered":"https:\/\/www.kartes.lv\/product\/mybalticmaps-karte\/"},"modified":"2025-08-04T10:29:18","modified_gmt":"2025-08-04T07:29:18","slug":"mybalticmaps-karte","status":"publish","type":"product","link":"https:\/\/www.kartes.lv\/lv\/product\/mybalticmaps-karte\/","title":{"rendered":"MyBalticMaps karte"},"content":{"rendered":"<p>Kartes izdrukas (pap\u012bra) izm\u0113rs 50 x 70 cm<br \/>\nKartes r\u0101mja (drukas iestat\u012bjumi) izm\u0113rs 47,5 x 67,8 cm<br \/>\nTubusa izm\u0113rs 54,5 cm x 7 cm (diametrs)<\/p>\n<p>Pils\u0113tas vai ciema karte, detaliz\u0113ta karte pas\u0101kumu pl\u0101no\u0161anai vai apvidus karte priv\u0101t\u012bpa\u0161uma, uz\u0146\u0113muma, med\u012bbu vai jebkuras citas teritorijas atz\u012bm\u0113\u0161anai. Personaliz\u0113to karti vari izmantot ar\u012b k\u0101 sienas plak\u0101tu darba viet\u0101 vai m\u0101j\u0101s, lai atg\u0101din\u0101tu par noz\u012bm\u012bg\u0101m viet\u0101m Baltij\u0101.<\/p>\n<p>MyBalticMaps pa\u0161apkalpo\u0161an\u0101s kar\u0161u p\u0101rl\u016bk\u0101 pieejamas divas kartes pamatnes \u2013 ce\u013cu karte un aerofoto (ortofoto) karte. Ir iesp\u0113jams kartei pievienot ar\u012b br\u012bvi izv\u0113l\u0113tu nosaukumu. Tas b\u016bs novietots kartes apak\u0161\u0113j\u0101s malas centr\u0101, \u0101rpus kartes skata.<\/p>\n<p>Izveidot personaliz\u0113tu karti un pas\u016bt\u012bt t\u0101s izdruku ir \u0113rti un vienk\u0101r\u0161i \u2013 izv\u0113lies kartes pamatni un kartes m\u0113rogu, novieto kartes r\u0101mi izv\u0113l\u0113taj\u0101 kartes viet\u0101 un pas\u016bti kartes izdruku*!<\/p>\n<p>\u0112rt\u0101kai pieg\u0101dei un uzglab\u0101\u0161anai, izdruk\u0101to karti iepakosim cauru\u013cveida kartona tubus\u0101 ar \u012bpa\u0161u uzl\u012bmi. To var lieliski izmantot ar\u012b k\u0101 d\u0101vanu.<\/p>\n<p>*Dati m\u016bsu kart\u0113s tiek regul\u0101ri aktualiz\u0113ti, un aktu\u0101li labojumi atjaunoti ar\u012b MyBalticMaps kart\u0113s, t\u0101d\u0113\u013c kartes izdrukas saturs laika gait\u0101 var nedaudz at\u0161\u0137irties.<\/p>\n<p>Produkta sagatavo\u0161an\u0101 izmantoti Latvijas \u0122eotelpisk\u0101s inform\u0101cijas a\u0123ent\u016bras dati (2013-2019).<\/p>\n<p>Karti nor\u0101d\u012btaj\u0101 izm\u0113r\u0101 iesp\u0113jams ieg\u0101d\u0101ties <span style=\"text-decoration: underline;\">tikai k\u0101 izdruku uz pap\u012bra<\/span>. Ja v\u0113laties \u0161o karti cit\u0101 izm\u0113r\u0101 vai uz cita veida materi\u0101la (abpus\u0113ji lamin\u0113tu, uzdruk\u0101tu uz plastik\u0101ta, ier\u0101m\u0113tu), papildu inform\u0101cijai l\u016bdzam zvan\u012bt pa t\u0101lruni\u00a0<strong>67317540\u00a0<\/strong>vai rakst\u012bt uz e-pastu:<strong>\u00a0kartes@kartes.lv<\/strong>.<\/p>\n<p><a href=\"https:\/\/my.balticmaps.eu\/index.php\" target=\"_blank\" rel=\"noopener noreferrer\">my.balticmaps.eu<\/a><\/p>","protected":false},"excerpt":{"rendered":"<p><strong>Izveido un pas\u016bti personaliz\u0113tu MyBalticMaps kartes izdruku te:<\/strong><\/p>\n<h2><button class=\"single_add_to_cart_button button alt\"><i class=\"wpmenucart-icon-shopping-cart-0\"><\/i><\/button> <a href=\"https:\/\/my.balticmaps.eu\/index.php\" target=\"_blank\" rel=\"noopener noreferrer\">my.balticmaps.eu<\/a><\/h2>\n<p>&nbsp;<\/p>\n<p><strong>Kartes pamatne:<\/strong><br \/>\nTradicion\u0101l\u0101 karte<br \/>\nAerofoto karte<\/p>\n<p><strong>Kartes m\u0113rogi:<\/strong><br \/>\n1:50 000<br \/>\n1:20 000<br \/>\n1:5 000<\/p>\n<p>Att\u0113liem ir ilustrat\u012bva noz\u012bme.<\/p>\n<p>S\u016bt\u012bjum\u0101 nav iek\u013cauts r\u0101mis.<\/p>\n","protected":false},"featured_media":9381,"comment_status":"closed","ping_status":"closed","template":"","meta":[],"product_brand":[],"product_cat":[13],"product_tag":[],"class_list":{"0":"post-9556","1":"product","2":"type-product","3":"status-publish","4":"has-post-thumbnail","6":"product_cat-sienas-kartes","8":"first","9":"instock","10":"taxable","11":"shipping-taxable","12":"product-type-simple"},"_links":{"self":[{"href":"https:\/\/www.kartes.lv\/lv\/wp-json\/wp\/v2\/product\/9556","targetHints":{"allow":["GET"]}}],"collection":[{"href":"https:\/\/www.kartes.lv\/lv\/wp-json\/wp\/v2\/product"}],"about":[{"href":"https:\/\/www.kartes.lv\/lv\/wp-json\/wp\/v2\/types\/product"}],"replies":[{"embeddable":true,"href":"https:\/\/www.kartes.lv\/lv\/wp-json\/wp\/v2\/comments?post=9556"}],"wp:featuredmedia":[{"embeddable":true,"href":"https:\/\/www.kartes.lv\/lv\/wp-json\/wp\/v2\/media\/9381"}],"wp:attachment":[{"href":"https:\/\/www.kartes.lv\/lv\/wp-json\/wp\/v2\/media?parent=9556"}],"wp:term":[{"taxonomy":"product_brand","embeddable":true,"href":"https:\/\/www.kartes.lv\/lv\/wp-json\/wp\/v2\/product_brand?post=9556"},{"taxonomy":"product_cat","embeddable":true,"href":"https:\/\/www.kartes.lv\/lv\/wp-json\/wp\/v2\/product_cat?post=9556"},{"taxonomy":"product_tag","embeddable":true,"href":"https:\/\/www.kartes.lv\/lv\/wp-json\/wp\/v2\/product_tag?post=9556"}],"curies":[{"name":"wp","href":"https:\/\/api.w.org\/{rel}","templated":true}]}}