{"id":9799,"date":"2020-03-26T14:07:45","date_gmt":"2020-03-26T12:07:45","guid":{"rendered":"https:\/\/www.kartes.lv\/?post_type=product&#038;p=9799"},"modified":"2026-02-02T11:28:38","modified_gmt":"2026-02-02T09:28:38","slug":"gramata-liela-latvijas-senu-gramata","status":"publish","type":"product","link":"https:\/\/www.kartes.lv\/lv\/product\/gramata-liela-latvijas-senu-gramata\/","title":{"rendered":"Liel\u0101 Latvijas s\u0113\u0146u gr\u0101mata"},"content":{"rendered":"<p>\u201cLiel\u0101 Latvijas s\u0113\u0146u gr\u0101mata\u201d ir pats v\u0113rien\u012bg\u0101kais izdevums par s\u0113n\u0113m latvie\u0161u valod\u0101. Gr\u0101mat\u0101 ir ietverts vair\u0101k nek\u0101 730 s\u0113\u0146u sugu aprakstu ar fotogr\u0101fij\u0101m. Veidojot izdevumu, v\u0113l\u0113j\u0101mies rosin\u0101t las\u012bt\u0101ju interesi par s\u0113n\u0113m un to daudzveid\u012bbu, t\u0101d\u0113\u013c gr\u0101mat\u0101 ir piev\u0113rsta uzman\u012bba k\u0101 tradicion\u0101laj\u0101m cepur\u012b\u0161u s\u0113n\u0113m, t\u0101 ar\u012b cit\u0101m s\u0113\u0146u grup\u0101m, aptverot gan bie\u017e\u0101k sastopamas, gan neparast\u0101kas un reti sastopamas s\u0113nes \u2013 p\u016bp\u0113\u017eus, piepes, korallenes, receklenes, kauss\u0113nes, rumpu\u010dus, pazemes s\u0113nes un daudzas citas makroskopisk\u0101s s\u0113nes.<\/p>\n<p>Ievad\u0101 \u012bsi apl\u016bkota s\u0113\u0146u vieta dab\u0101, to uzb\u016bve, ekolo\u0123ija un izmanto\u0161ana, k\u0101 ar\u012b skaidroti s\u0113\u0146u aprakstos lietotie termini.<\/p>\n<p>Gr\u0101mata paredz\u0113ta pla\u0161am las\u012bt\u0101ju lokam \u2013 gan tiem, kuru nodarbo\u0161an\u0101s saist\u012bta ar dabas daudzveid\u012bbas izp\u0113ti (biologi, me\u017einieki), gan ar\u012b dabas v\u0113rot\u0101jiem, fotogr\u0101fiem un, protams, s\u0113\u0146ot\u0101jiem.<\/p>\n<p>Gr\u0101matas autores ir Latvijas vado\u0161\u0101s mikolo\u0123es Inita D\u0101niele un Di\u0101na Meiere.<br \/>\nGr\u0101matas izdev\u0113ji ir Latvijas Dabas muzejs un SIA J\u0101\u0146a s\u0113ta.<\/p>","protected":false},"excerpt":{"rendered":"<p>2020. gada izdevums<br \/>\nIzm\u0113rs: 24 x 17,1 cm<br \/>\nSvars: 1.130 g<br \/>\n528 lpp.<br \/>\nM\u012bkstie v\u0101ki<br \/>\nGr\u0101matas autores: Inita D\u0101niele, Di\u0101na Meiere<br \/>\nRedaktore: Ilze Ant\u0113na<br \/>\nM\u0101ksliniece: L\u012bga Dubrovska<\/p>\n<p>EAN: 9789984077512<\/p>\n","protected":false},"featured_media":9807,"comment_status":"closed","ping_status":"closed","template":"","meta":[],"product_brand":[],"product_cat":[12,14,86],"product_tag":[],"class_list":{"0":"post-9799","1":"product","2":"type-product","3":"status-publish","4":"has-post-thumbnail","6":"product_cat-gramatas","7":"product_cat-izglitojosie-izdevumi","8":"product_cat-davanas","10":"first","11":"instock","12":"featured","13":"taxable","14":"shipping-taxable","15":"purchasable","16":"product-type-simple"},"_links":{"self":[{"href":"https:\/\/www.kartes.lv\/lv\/wp-json\/wp\/v2\/product\/9799","targetHints":{"allow":["GET"]}}],"collection":[{"href":"https:\/\/www.kartes.lv\/lv\/wp-json\/wp\/v2\/product"}],"about":[{"href":"https:\/\/www.kartes.lv\/lv\/wp-json\/wp\/v2\/types\/product"}],"replies":[{"embeddable":true,"href":"https:\/\/www.kartes.lv\/lv\/wp-json\/wp\/v2\/comments?post=9799"}],"wp:featuredmedia":[{"embeddable":true,"href":"https:\/\/www.kartes.lv\/lv\/wp-json\/wp\/v2\/media\/9807"}],"wp:attachment":[{"href":"https:\/\/www.kartes.lv\/lv\/wp-json\/wp\/v2\/media?parent=9799"}],"wp:term":[{"taxonomy":"product_brand","embeddable":true,"href":"https:\/\/www.kartes.lv\/lv\/wp-json\/wp\/v2\/product_brand?post=9799"},{"taxonomy":"product_cat","embeddable":true,"href":"https:\/\/www.kartes.lv\/lv\/wp-json\/wp\/v2\/product_cat?post=9799"},{"taxonomy":"product_tag","embeddable":true,"href":"https:\/\/www.kartes.lv\/lv\/wp-json\/wp\/v2\/product_tag?post=9799"}],"curies":[{"name":"wp","href":"https:\/\/api.w.org\/{rel}","templated":true}]}}